{"id":8595,"date":"2024-11-19T10:34:03","date_gmt":"2024-11-19T09:34:03","guid":{"rendered":"https:\/\/www.themora.com\/?page_id=8595"},"modified":"2025-12-14T20:10:49","modified_gmt":"2025-12-14T19:10:49","slug":"saldi-invernali","status":"publish","type":"page","link":"https:\/\/www.themora.com\/it\/promozioni\/saldi-invernali\/","title":{"rendered":"Winter Deal!"},"content":{"rendered":"<div class=\"fusion-fullwidth fullwidth-box fusion-builder-row-1 fusion-flex-container has-pattern-background has-mask-background nonhundred-percent-fullwidth non-hundred-percent-height-scrolling\" style=\"--awb-border-radius-top-left:0px;--awb-border-radius-top-right:0px;--awb-border-radius-bottom-right:0px;--awb-border-radius-bottom-left:0px;--awb-padding-top:100px;--awb-background-color:var(--awb-color6);--awb-flex-wrap:wrap;\" ><div class=\"fusion-builder-row fusion-row fusion-flex-align-items-flex-start fusion-flex-content-wrap\" style=\"max-width:1248px;margin-left: calc(-4% \/ 2 );margin-right: calc(-4% \/ 2 );\"><div class=\"fusion-layout-column fusion_builder_column fusion-builder-column-0 fusion_builder_column_1_1 1_1 fusion-flex-column\" style=\"--awb-padding-bottom:30px;--awb-bg-size:cover;--awb-width-large:100%;--awb-margin-top-large:0px;--awb-spacing-right-large:1.92%;--awb-margin-bottom-large:20px;--awb-spacing-left-large:1.92%;--awb-width-medium:100%;--awb-order-medium:0;--awb-spacing-right-medium:1.92%;--awb-spacing-left-medium:1.92%;--awb-width-small:100%;--awb-order-small:0;--awb-spacing-right-small:1.92%;--awb-spacing-left-small:1.92%;\" data-scroll-devices=\"small-visibility,medium-visibility,large-visibility\"><div class=\"fusion-column-wrapper fusion-column-has-shadow fusion-flex-justify-content-flex-start fusion-content-layout-column\"><div class=\"fusion-text fusion-text-1\"><h1 style=\"text-align: center;\">Winter Deal!<\/h1>\n<\/div><div class=\"fusion-text fusion-text-2\"><p style=\"text-align: center;\" data-start=\"648\" data-end=\"827\">Prenota la tua vacanza tropicale da sogno al The Mora Zanzibar e approfitta della nostra <strong data-start=\"737\" data-end=\"752\">Winter Deal<\/strong>, con <strong data-start=\"758\" data-end=\"780\">sconti fino al 25%<\/strong> sulla tua prossima fuga nell\u2019Oceano Indiano.<\/p>\n<p style=\"text-align: center;\" data-start=\"834\" data-end=\"1050\">Scopri spiagge serene, suite di lusso e un\u2019atmosfera pensata per il relax e il rigeneramento. Un\u2019occasione speciale per trasformare la tua idea di vacanza in un\u2019esperienza indimenticabile, con disponibilit\u00e0 limitata.<\/p>\n<\/div><div class=\"fusion-image-element \" style=\"text-align:center;--awb-aspect-ratio:16 \/ 9;--awb-object-position:53% 52%;--awb-margin-bottom:20px;--awb-caption-title-font-family:var(--h2_typography-font-family);--awb-caption-title-font-weight:var(--h2_typography-font-weight);--awb-caption-title-font-style:var(--h2_typography-font-style);--awb-caption-title-size:var(--h2_typography-font-size);--awb-caption-title-transform:var(--h2_typography-text-transform);--awb-caption-title-line-height:var(--h2_typography-line-height);--awb-caption-title-letter-spacing:var(--h2_typography-letter-spacing);\"><span class=\" fusion-imageframe imageframe-none imageframe-1 hover-type-none has-aspect-ratio\"><img decoding=\"async\" width=\"1466\" height=\"789\" alt=\"winterdeal 2026\" title=\"winterdeal 2026\" src=\"https:\/\/www.themora.com\/wp-content\/uploads\/2025\/12\/winterdeal-2026.jpg\" class=\"img-responsive wp-image-15486 img-with-aspect-ratio\" data-parent-fit=\"cover\" data-parent-container=\".fusion-image-element\" srcset=\"https:\/\/www.themora.com\/wp-content\/uploads\/2025\/12\/winterdeal-2026-200x108.jpg 200w, https:\/\/www.themora.com\/wp-content\/uploads\/2025\/12\/winterdeal-2026-400x215.jpg 400w, https:\/\/www.themora.com\/wp-content\/uploads\/2025\/12\/winterdeal-2026-600x323.jpg 600w, https:\/\/www.themora.com\/wp-content\/uploads\/2025\/12\/winterdeal-2026-800x431.jpg 800w, https:\/\/www.themora.com\/wp-content\/uploads\/2025\/12\/winterdeal-2026-1200x646.jpg 1200w, https:\/\/www.themora.com\/wp-content\/uploads\/2025\/12\/winterdeal-2026.jpg 1466w\" sizes=\"(max-width: 640px) 100vw, 1200px\" \/><\/span><\/div><div style=\"text-align:center;\"><a class=\"fusion-button button-flat fusion-button-default-size button-custom fusion-button-default button-1 fusion-button-default-span fusion-button-default-type\" style=\"--awb-margin-bottom:20px;--button_accent_color:var(--awb-color1);--button_accent_hover_color:var(--awb-color8);--button_border_hover_color:#dfdfdf;--button_gradient_top_color:var(--awb-color7);--button_gradient_bottom_color:var(--awb-color7);--button_gradient_top_color_hover:#dfdfdf;--button_gradient_bottom_color_hover:#dfdfdf;\" target=\"_self\" href=\"https:\/\/reservations.themora.com\/?adult=1&amp;arrive=2025-12-16&amp;chain=28165&amp;child=0&amp;currency=EUR&amp;depart=2025-12-17&amp;hotel=45447&amp;level=hotel&amp;locale=it-IT&amp;productcurrency=EUR&amp;promo=TMOSA&amp;rooms=1\" rel=\"noopener\"><span class=\"fusion-button-text awb-button__text awb-button__text--default\">\u00a1Prenota ora e rendi il 2026 l&#8217;anno pi\u00f9 memorabile di sempre!<\/span><\/a><\/div><div class=\"fusion-text fusion-text-3\"><p style=\"text-align: center;\">Valido per prenotazioni dal 15 dicembre 2025 al 20 gennaio 2026.<br data-start=\"1743\" data-end=\"1746\" \/>Date di soggiorno: dal 7 gennaio 2026 al 20 dicembre 2026.<\/p>\n<\/div><div class=\"fusion-text fusion-text-4\"><h3 style=\"text-align: center;\"><strong>Politica di cancellazione:<\/strong><\/h3>\n<p style=\"text-align: center;\">Questa prenotazione non \u00e8 modificabile n\u00e9 rimborsabile. In caso di tentativo di modifica, cancellazione o mancato arrivo, non verr\u00e0 fornito alcun rimborso.<\/p>\n<\/div><div class=\"fusion-text fusion-text-5\"><h3 style=\"text-align: center;\">\u200d<strong>Politica di pagamento:<\/strong><\/h3>\n<p style=\"text-align: center;\">Questa prenotazione richiede il pagamento completo anticipato per l\u2019intero soggiorno, che verr\u00e0 addebitato sulla carta fornita.<\/p>\n<p style=\"text-align: center;\">La tariffa \u00e8 soggetta a una tassa obbligatoria di infrastruttura di 5 USD a persona, per notte, da pagare in hotel.<\/p>\n<\/div><\/div><\/div><\/div><\/div>\n","protected":false},"excerpt":{"rendered":"","protected":false},"author":7,"featured_media":0,"parent":10557,"menu_order":0,"comment_status":"closed","ping_status":"closed","template":"100-width.php","meta":{"footnotes":""},"class_list":["post-8595","page","type-page","status-publish","hentry"],"_links":{"self":[{"href":"https:\/\/www.themora.com\/it\/wp-json\/wp\/v2\/pages\/8595","targetHints":{"allow":["GET"]}}],"collection":[{"href":"https:\/\/www.themora.com\/it\/wp-json\/wp\/v2\/pages"}],"about":[{"href":"https:\/\/www.themora.com\/it\/wp-json\/wp\/v2\/types\/page"}],"author":[{"embeddable":true,"href":"https:\/\/www.themora.com\/it\/wp-json\/wp\/v2\/users\/7"}],"replies":[{"embeddable":true,"href":"https:\/\/www.themora.com\/it\/wp-json\/wp\/v2\/comments?post=8595"}],"version-history":[{"count":5,"href":"https:\/\/www.themora.com\/it\/wp-json\/wp\/v2\/pages\/8595\/revisions"}],"predecessor-version":[{"id":15491,"href":"https:\/\/www.themora.com\/it\/wp-json\/wp\/v2\/pages\/8595\/revisions\/15491"}],"up":[{"embeddable":true,"href":"https:\/\/www.themora.com\/it\/wp-json\/wp\/v2\/pages\/10557"}],"wp:attachment":[{"href":"https:\/\/www.themora.com\/it\/wp-json\/wp\/v2\/media?parent=8595"}],"curies":[{"name":"wp","href":"https:\/\/api.w.org\/{rel}","templated":true}]}}