{"id":8342,"date":"2024-07-08T11:25:50","date_gmt":"2024-07-08T09:25:50","guid":{"rendered":"https:\/\/www.themora.com\/?page_id=8342"},"modified":"2025-06-26T13:15:59","modified_gmt":"2025-06-26T11:15:59","slug":"pacchetto-di-san-valentino","status":"publish","type":"page","link":"https:\/\/www.themora.com\/it\/promozioni\/pacchetto-di-san-valentino\/","title":{"rendered":"Celebrate il mese di San Valentino con un Pacchetto romantico al The Mora Zanzibar"},"content":{"rendered":"<div class=\"fusion-fullwidth fullwidth-box fusion-builder-row-1 fusion-flex-container has-pattern-background has-mask-background nonhundred-percent-fullwidth non-hundred-percent-height-scrolling\" style=\"--awb-border-radius-top-left:0px;--awb-border-radius-top-right:0px;--awb-border-radius-bottom-right:0px;--awb-border-radius-bottom-left:0px;--awb-padding-top:100px;--awb-padding-top-small:130px;--awb-background-color:var(--awb-color6);--awb-flex-wrap:wrap;\" ><div class=\"fusion-builder-row fusion-row fusion-flex-align-items-flex-start fusion-flex-content-wrap\" style=\"max-width:1248px;margin-left: calc(-4% \/ 2 );margin-right: calc(-4% \/ 2 );\"><div class=\"fusion-layout-column fusion_builder_column fusion-builder-column-0 fusion_builder_column_1_1 1_1 fusion-flex-column\" style=\"--awb-padding-bottom:30px;--awb-bg-size:cover;--awb-width-large:100%;--awb-margin-top-large:0px;--awb-spacing-right-large:1.92%;--awb-margin-bottom-large:20px;--awb-spacing-left-large:1.92%;--awb-width-medium:100%;--awb-order-medium:0;--awb-spacing-right-medium:1.92%;--awb-spacing-left-medium:1.92%;--awb-width-small:100%;--awb-order-small:0;--awb-spacing-right-small:1.92%;--awb-spacing-left-small:1.92%;\" data-scroll-devices=\"small-visibility,medium-visibility,large-visibility\"><div class=\"fusion-column-wrapper fusion-column-has-shadow fusion-flex-justify-content-flex-start fusion-content-layout-column\"><div class=\"fusion-text fusion-text-1\"><h1>Celebrate il mese di San Valentino<\/h1>\n<\/div><div class=\"fusion-text fusion-text-2\"><p style=\"text-align: center;\"><span style=\"font-weight: 400;\">Questo febbraio portate il vostro amore a un altro livello grazie a una fuga romantica e indimenticabile al The Mora Zanzibar. Il nostro esclusivo Pacchetto del mese di San Valentino offre lussuosi soggiorni di almeno tre notti, che comprendono un massaggio in coppia di 40 minuti per rilassarsi e riconnettersi. Concedetevi intime cene in spiaggia, romantici massaggi in coppia e il tranquillo ambiente del nostro pittoresco resort. Perfetto per fidanzamenti, lune di miele o per ravvivare la fiamma, The Mora Zanzibar vi invita a celebrare l\u2019amore non solo nel giorno di San Valentino, ma per tutto il mese.<\/span><\/p>\n<\/div><div class=\"fusion-builder-row fusion-builder-row-inner fusion-row fusion-flex-align-items-flex-start fusion-flex-content-wrap\" style=\"--awb-flex-grow:0;--awb-flex-grow-medium:0;--awb-flex-grow-small:0;--awb-flex-shrink:0;--awb-flex-shrink-medium:0;--awb-flex-shrink-small:0;width:104% !important;max-width:104% !important;margin-left: calc(-4% \/ 2 );margin-right: calc(-4% \/ 2 );\"><div class=\"fusion-layout-column fusion_builder_column_inner fusion-builder-nested-column-0 fusion_builder_column_inner_1_2 1_2 fusion-flex-column\" style=\"--awb-bg-size:cover;--awb-width-large:50%;--awb-margin-top-large:0px;--awb-spacing-right-large:3.84%;--awb-margin-bottom-large:20px;--awb-spacing-left-large:3.84%;--awb-width-medium:50%;--awb-order-medium:0;--awb-spacing-right-medium:3.84%;--awb-spacing-left-medium:3.84%;--awb-width-small:100%;--awb-order-small:0;--awb-spacing-right-small:1.92%;--awb-spacing-left-small:1.92%;\"><div class=\"fusion-column-wrapper fusion-column-has-shadow fusion-flex-justify-content-flex-start fusion-content-layout-column\"><div class=\"fusion-image-element \" style=\"--awb-aspect-ratio:4 \/ 3;--awb-object-position:26% 51%;--awb-caption-title-font-family:var(--h2_typography-font-family);--awb-caption-title-font-weight:var(--h2_typography-font-weight);--awb-caption-title-font-style:var(--h2_typography-font-style);--awb-caption-title-size:var(--h2_typography-font-size);--awb-caption-title-transform:var(--h2_typography-text-transform);--awb-caption-title-line-height:var(--h2_typography-line-height);--awb-caption-title-letter-spacing:var(--h2_typography-letter-spacing);\"><span class=\" fusion-imageframe imageframe-none imageframe-1 hover-type-none has-aspect-ratio\"><img decoding=\"async\" width=\"300\" height=\"200\" alt=\"znz012024 ac132612097 tm zanzibar the mora zanzibar pool suite bedroom scaled\" title=\"znz012024 ac132612097 tm zanzibar the mora zanzibar pool suite bedroom scaled\" src=\"https:\/\/www.themora.com\/wp-content\/uploads\/2024\/07\/znz012024_-ac132612097_tm_zanzibar_the-mora-zanzibar_pool-suite_bedroom-300x200.jpg\" class=\"img-responsive wp-image-11575 img-with-aspect-ratio\" data-parent-fit=\"cover\" data-parent-container=\".fusion-image-element\" srcset=\"https:\/\/www.themora.com\/wp-content\/uploads\/2024\/07\/znz012024_-ac132612097_tm_zanzibar_the-mora-zanzibar_pool-suite_bedroom-200x133.jpg 200w, https:\/\/www.themora.com\/wp-content\/uploads\/2024\/07\/znz012024_-ac132612097_tm_zanzibar_the-mora-zanzibar_pool-suite_bedroom-400x267.jpg 400w, https:\/\/www.themora.com\/wp-content\/uploads\/2024\/07\/znz012024_-ac132612097_tm_zanzibar_the-mora-zanzibar_pool-suite_bedroom-600x400.jpg 600w, https:\/\/www.themora.com\/wp-content\/uploads\/2024\/07\/znz012024_-ac132612097_tm_zanzibar_the-mora-zanzibar_pool-suite_bedroom-800x533.jpg 800w, https:\/\/www.themora.com\/wp-content\/uploads\/2024\/07\/znz012024_-ac132612097_tm_zanzibar_the-mora-zanzibar_pool-suite_bedroom-1200x800.jpg 1200w\" sizes=\"(max-width: 640px) 100vw, 600px\" \/><\/span><\/div><\/div><\/div><div class=\"fusion-layout-column fusion_builder_column_inner fusion-builder-nested-column-1 fusion_builder_column_inner_1_2 1_2 fusion-flex-column\" style=\"--awb-bg-size:cover;--awb-width-large:50%;--awb-margin-top-large:0px;--awb-spacing-right-large:3.84%;--awb-margin-bottom-large:20px;--awb-spacing-left-large:3.84%;--awb-width-medium:50%;--awb-order-medium:0;--awb-spacing-right-medium:3.84%;--awb-spacing-left-medium:3.84%;--awb-width-small:100%;--awb-order-small:0;--awb-spacing-right-small:1.92%;--awb-spacing-left-small:1.92%;\"><div class=\"fusion-column-wrapper fusion-column-has-shadow fusion-flex-justify-content-flex-start fusion-content-layout-column\"><div class=\"fusion-image-element \" style=\"--awb-aspect-ratio:4 \/ 3;--awb-object-position:24% 54%;--awb-caption-title-font-family:var(--h2_typography-font-family);--awb-caption-title-font-weight:var(--h2_typography-font-weight);--awb-caption-title-font-style:var(--h2_typography-font-style);--awb-caption-title-size:var(--h2_typography-font-size);--awb-caption-title-transform:var(--h2_typography-text-transform);--awb-caption-title-line-height:var(--h2_typography-line-height);--awb-caption-title-letter-spacing:var(--h2_typography-letter-spacing);\"><span class=\" fusion-imageframe imageframe-none imageframe-2 hover-type-none has-aspect-ratio\"><img decoding=\"async\" width=\"300\" height=\"200\" alt=\"znz012024 ac132612097 tm zanzibar the mora zanzibar sauna scaled\" title=\"znz012024 ac132612097 tm zanzibar the mora zanzibar sauna scaled\" src=\"https:\/\/www.themora.com\/wp-content\/uploads\/2024\/07\/znz012024_-ac132612097_tm_zanzibar_the-mora-zanzibar_sauna-300x200.jpg\" class=\"img-responsive wp-image-11574 img-with-aspect-ratio\" data-parent-fit=\"cover\" data-parent-container=\".fusion-image-element\" srcset=\"https:\/\/www.themora.com\/wp-content\/uploads\/2024\/07\/znz012024_-ac132612097_tm_zanzibar_the-mora-zanzibar_sauna-200x133.jpg 200w, https:\/\/www.themora.com\/wp-content\/uploads\/2024\/07\/znz012024_-ac132612097_tm_zanzibar_the-mora-zanzibar_sauna-400x267.jpg 400w, https:\/\/www.themora.com\/wp-content\/uploads\/2024\/07\/znz012024_-ac132612097_tm_zanzibar_the-mora-zanzibar_sauna-600x400.jpg 600w, https:\/\/www.themora.com\/wp-content\/uploads\/2024\/07\/znz012024_-ac132612097_tm_zanzibar_the-mora-zanzibar_sauna-800x533.jpg 800w, https:\/\/www.themora.com\/wp-content\/uploads\/2024\/07\/znz012024_-ac132612097_tm_zanzibar_the-mora-zanzibar_sauna-1200x800.jpg 1200w\" sizes=\"(max-width: 640px) 100vw, 600px\" \/><\/span><\/div><\/div><\/div><\/div><div style=\"text-align:center;\"><a class=\"fusion-button button-flat fusion-button-default-size button-custom fusion-button-default button-1 fusion-button-default-span fusion-button-default-type\" style=\"--awb-margin-bottom:20px;--button_accent_color:var(--awb-color1);--button_accent_hover_color:var(--awb-color8);--button_border_hover_color:#dfdfdf;--button_gradient_top_color:var(--awb-color7);--button_gradient_bottom_color:var(--awb-color7);--button_gradient_top_color_hover:#dfdfdf;--button_gradient_bottom_color_hover:#dfdfdf;\" target=\"_self\" href=\"https:\/\/reservations.themora.com\/?Hotel=45447&amp;Chain=28165&amp;locale=en-US&amp;arrive=2025-02-01&amp;depart=2025-03-01&amp;adult=2&amp;child=0&amp;promo=Valentine&amp;currency=EUR&amp;locale=it-IT\" rel=\"noopener\"><span class=\"fusion-button-text awb-button__text awb-button__text--default\">Prenotate la vostra fuga del mese dell\u2019amore<\/span><\/a><\/div><div class=\"fusion-text fusion-text-3\"><p style=\"text-align: center;\">Soggiorno minimo: 3 notti<\/p>\n<p style=\"text-align: center;\">Date di soggiorno: dal 1\u00b0 febbraio 25 al 28 febbraio 25<\/p>\n<p style=\"text-align: center;\">Prenotabile: da giugno 2024 al 27 febbraio 25<\/p>\n<\/div><div class=\"fusion-text fusion-text-4\"><p style=\"text-align: center;\"><strong>Politica di cancellazione:<\/strong><\/p>\n<p style=\"text-align: center;\">Questa prenotazione non \u00e8 modificabile n\u00e9 rimborsabile. In caso di tentativo di modifica, cancellazione o mancato arrivo, non verr\u00e0 fornito alcun rimborso.<\/p>\n<\/div><div class=\"fusion-text fusion-text-5\"><p style=\"text-align: center;\"><strong>Politica di pagamento:<\/strong><\/p>\n<p style=\"text-align: center;\">Questa prenotazione richiede il pagamento completo anticipato per l&#8217;intero soggiorno, che verr\u00e0 addebitato sulla carta fornita.<\/p>\n<p style=\"text-align: center;\">La tariffa \u00e8 soggetta a una tassa obbligatoria di infrastruttura di 5 USD a persona, per notte, da pagare in hotel.<\/p>\n<\/div><\/div><\/div><\/div><\/div>\n","protected":false},"excerpt":{"rendered":"","protected":false},"author":5,"featured_media":0,"parent":10557,"menu_order":0,"comment_status":"closed","ping_status":"closed","template":"100-width.php","meta":{"footnotes":""},"class_list":["post-8342","page","type-page","status-publish","hentry"],"_links":{"self":[{"href":"https:\/\/www.themora.com\/it\/wp-json\/wp\/v2\/pages\/8342","targetHints":{"allow":["GET"]}}],"collection":[{"href":"https:\/\/www.themora.com\/it\/wp-json\/wp\/v2\/pages"}],"about":[{"href":"https:\/\/www.themora.com\/it\/wp-json\/wp\/v2\/types\/page"}],"author":[{"embeddable":true,"href":"https:\/\/www.themora.com\/it\/wp-json\/wp\/v2\/users\/5"}],"replies":[{"embeddable":true,"href":"https:\/\/www.themora.com\/it\/wp-json\/wp\/v2\/comments?post=8342"}],"version-history":[{"count":4,"href":"https:\/\/www.themora.com\/it\/wp-json\/wp\/v2\/pages\/8342\/revisions"}],"predecessor-version":[{"id":11573,"href":"https:\/\/www.themora.com\/it\/wp-json\/wp\/v2\/pages\/8342\/revisions\/11573"}],"up":[{"embeddable":true,"href":"https:\/\/www.themora.com\/it\/wp-json\/wp\/v2\/pages\/10557"}],"wp:attachment":[{"href":"https:\/\/www.themora.com\/it\/wp-json\/wp\/v2\/media?parent=8342"}],"curies":[{"name":"wp","href":"https:\/\/api.w.org\/{rel}","templated":true}]}}