{"id":8341,"date":"2024-07-09T14:02:55","date_gmt":"2024-07-09T12:02:55","guid":{"rendered":"https:\/\/www.themora.com\/?page_id=8341"},"modified":"2025-08-01T17:08:06","modified_gmt":"2025-08-01T15:08:06","slug":"tariffe-speciali-mobile","status":"publish","type":"page","link":"https:\/\/www.themora.com\/it\/promozioni\/tariffe-speciali-mobile\/","title":{"rendered":"Risparmia il 10% con Tariffe Speciali Mobile presso The Mora Zanzibar"},"content":{"rendered":"<div class=\"fusion-fullwidth fullwidth-box fusion-builder-row-1 fusion-flex-container has-pattern-background has-mask-background nonhundred-percent-fullwidth non-hundred-percent-height-scrolling\" style=\"--awb-border-radius-top-left:0px;--awb-border-radius-top-right:0px;--awb-border-radius-bottom-right:0px;--awb-border-radius-bottom-left:0px;--awb-padding-top:100px;--awb-background-color:var(--awb-color6);--awb-flex-wrap:wrap;\" ><div class=\"fusion-builder-row fusion-row fusion-flex-align-items-flex-start fusion-flex-content-wrap\" style=\"max-width:1248px;margin-left: calc(-4% \/ 2 );margin-right: calc(-4% \/ 2 );\"><div class=\"fusion-layout-column fusion_builder_column fusion-builder-column-0 fusion_builder_column_1_1 1_1 fusion-flex-column\" style=\"--awb-padding-bottom:30px;--awb-bg-size:cover;--awb-width-large:100%;--awb-margin-top-large:0px;--awb-spacing-right-large:1.92%;--awb-margin-bottom-large:20px;--awb-spacing-left-large:1.92%;--awb-width-medium:100%;--awb-order-medium:0;--awb-spacing-right-medium:1.92%;--awb-spacing-left-medium:1.92%;--awb-width-small:100%;--awb-order-small:0;--awb-spacing-right-small:1.92%;--awb-spacing-left-small:1.92%;\" data-scroll-devices=\"small-visibility,medium-visibility,large-visibility\"><div class=\"fusion-column-wrapper fusion-column-has-shadow fusion-flex-justify-content-flex-start fusion-content-layout-column\"><div class=\"fusion-text fusion-text-1\"><h1 style=\"text-align: center;\">Tariffa Speciale Mobile 10%<\/h1>\n<\/div><div class=\"fusion-text fusion-text-2\"><p style=\"text-align: center;\">Approfitta delle nostre tariffe speciali mobile e goditi uno sconto del 10% sul tuo soggiorno presso The Mora Zanzibar. Prenota semplicemente tramite il nostro sito web mobile o l&#8217;app per accedere a questi risparmi esclusivi. Questa promozione valida tutto l&#8217;anno \u00e8 perfetta per i viaggiatori tecnologici che cercano le migliori offerte per una fuga di lusso. Prenota ora tramite il tuo dispositivo mobile per rilassarti nelle nostre suite splendidamente progettate, gustare una cucina di livello mondiale e creare ricordi indimenticabili con le nostre tariffe speciali mobile.<\/p>\n<\/div><div style=\"text-align:center;\"><a class=\"fusion-button button-flat fusion-button-default-size button-custom fusion-button-default button-1 fusion-button-default-span fusion-button-default-type\" style=\"--button_accent_color:var(--awb-color1);--button_accent_hover_color:var(--awb-color8);--button_border_hover_color:#dfdfdf;--button_gradient_top_color:var(--awb-color7);--button_gradient_bottom_color:var(--awb-color7);--button_gradient_top_color_hover:#dfdfdf;--button_gradient_bottom_color_hover:#dfdfdf;--button_margin-bottom:20px;\" target=\"_self\" href=\"https:\/\/reservations.themora.com\/?adult=2&amp;arrive=2024-07-11&amp;brand=TMR&amp;chain=28165&amp;child=0&amp;config=TMR&amp;coupon=TMO2024&amp;currency=EUR&amp;depart=2024-07-12&amp;hotel=45447&amp;level=hotel&amp;locale=en-US&amp;rooms=1&amp;src=TMR-EN&amp;theme=TMR&amp;locale=it-IT\" rel=\"noopener\"><span class=\"fusion-button-text awb-button__text awb-button__text--default\">Prenota ora e risparmia 10%<\/span><\/a><\/div><div class=\"fusion-text fusion-text-3\"><p style=\"text-align: center;\">Date di soggiorno: Tutto l&#8217;anno<\/p>\n<p style=\"text-align: center;\">Prenotabile: Tutto l&#8217;anno<\/p>\n<\/div><div class=\"fusion-text fusion-text-4\"><div class=\"group\/conversation-turn relative flex w-full min-w-0 flex-col agent-turn\">\n<div class=\"flex-col gap-1 md:gap-3\">\n<div class=\"flex max-w-full flex-col flex-grow\">\n<div class=\"min-h-8 text-message flex w-full flex-col items-end gap-2 whitespace-normal break-words &#091;.text-message+&amp;&#093;:mt-5\" dir=\"auto\" data-message-author-role=\"assistant\" data-message-id=\"c92d49de-776d-49fe-a992-37243236e95a\">\n<div class=\"flex w-full flex-col gap-1 empty:hidden first:pt-&#091;3px&#093;\">\n<div class=\"markdown prose w-full break-words dark:prose-invert light\">\n<p style=\"text-align: center;\"><strong>Politica di cancellazione:<\/strong><\/p>\n<p style=\"text-align: center;\">Questa prenotazione non \u00e8 modificabile n\u00e9 rimborsabile. In caso di tentativo di modifica, cancellazione o mancato arrivo, non verr\u00e0 fornito alcun rimborso.<\/p>\n<\/div>\n<\/div>\n<\/div>\n<\/div>\n<\/div>\n<\/div>\n<\/div><div class=\"fusion-text fusion-text-5\"><h3 style=\"text-align: center;\">Scarica l&#8217;App:<\/h3>\n<h3 style=\"text-align: center;\"><a href=\"https:\/\/apps.apple.com\/us\/app\/the-mora\/id6476486118\" target=\"_blank\" rel=\"noopener\"><img decoding=\"async\" class=\"aligncenter wp-image-7631 size-full\" src=\"https:\/\/www.themora.com\/wp-content\/uploads\/2024\/07\/Download_on_the_App_Store_Badge_US-UK_RGB_blk_092917.svg\" alt=\"\" width=\"120\" height=\"40\" title=\"\"><\/a><\/h3>\n<h3 style=\"text-align: center;\"><a href=\"https:\/\/play.google.com\/store\/search?q=the+mora&amp;c=apps&amp;pli=1\" target=\"_blank\" rel=\"noopener\"><img decoding=\"async\" class=\"aligncenter wp-image-7630\" src=\"https:\/\/www.themora.com\/wp-content\/uploads\/2024\/07\/GetItOnGooglePlay_Badge_Web_color_English.png\" alt=\"\" width=\"142\" height=\"42\" title=\"\" srcset=\"https:\/\/www.themora.com\/wp-content\/uploads\/2024\/07\/GetItOnGooglePlay_Badge_Web_color_English-66x20.png 66w, https:\/\/www.themora.com\/wp-content\/uploads\/2024\/07\/GetItOnGooglePlay_Badge_Web_color_English-200x59.png 200w, https:\/\/www.themora.com\/wp-content\/uploads\/2024\/07\/GetItOnGooglePlay_Badge_Web_color_English.png 270w\" sizes=\"(max-width: 142px) 100vw, 142px\" \/><\/a><\/h3>\n<ul style=\"font-weight: 400;\">\n<li>Chat dal vivo: Accedi al supporto via chat dal vivo 24\/7.<\/li>\n<li>Check-in online: Completa il processo di check-in online per un arrivo senza problemi.<\/li>\n<li>Esperienze TUI Musement: Prenota esperienze e attivit\u00e0 uniche tramite il nostro flusso di prenotazione integrato.<\/li>\n<li>Programma Fitness, Wellness &amp; Spa: Prenota sessioni nelle nostre strutture benessere.<\/li>\n<li>Prenotazione tavolo: Prenota tavoli nei nostri 3 ristoranti e organizza cene speciali.<\/li>\n<li>Servizio in camera: Personalizza gli ordini del servizio in camera e usufruisci del servizio lavanderia l&#8217;ultimo giorno.<\/li>\n<li>Outliners Club: Prenota e accedi ai servizi esclusivi del club.<\/li>\n<li>Feedback in tempo reale: Fornisci feedback sul tuo soggiorno in tempo reale.<\/li>\n<\/ul>\n<\/div><div class=\"fusion-text fusion-text-6\"><p style=\"text-align: center;\"><strong>Politica di pagamento:<\/strong><\/p>\n<p style=\"text-align: center;\">Questa prenotazione richiede il pagamento completo anticipato per l&#8217;intero soggiorno, che verr\u00e0 addebitato sulla carta fornita.<\/p>\n<p style=\"text-align: center;\">La tariffa \u00e8 soggetta a una tassa obbligatoria di infrastruttura di 5 USD a persona, per notte, da pagare in hotel.<\/p>\n<\/div><\/div><\/div><\/div><\/div>\n","protected":false},"excerpt":{"rendered":"","protected":false},"author":5,"featured_media":0,"parent":10557,"menu_order":0,"comment_status":"closed","ping_status":"closed","template":"100-width.php","meta":{"footnotes":""},"class_list":["post-8341","page","type-page","status-publish","hentry"],"_links":{"self":[{"href":"https:\/\/www.themora.com\/it\/wp-json\/wp\/v2\/pages\/8341","targetHints":{"allow":["GET"]}}],"collection":[{"href":"https:\/\/www.themora.com\/it\/wp-json\/wp\/v2\/pages"}],"about":[{"href":"https:\/\/www.themora.com\/it\/wp-json\/wp\/v2\/types\/page"}],"author":[{"embeddable":true,"href":"https:\/\/www.themora.com\/it\/wp-json\/wp\/v2\/users\/5"}],"replies":[{"embeddable":true,"href":"https:\/\/www.themora.com\/it\/wp-json\/wp\/v2\/comments?post=8341"}],"version-history":[{"count":3,"href":"https:\/\/www.themora.com\/it\/wp-json\/wp\/v2\/pages\/8341\/revisions"}],"predecessor-version":[{"id":13123,"href":"https:\/\/www.themora.com\/it\/wp-json\/wp\/v2\/pages\/8341\/revisions\/13123"}],"up":[{"embeddable":true,"href":"https:\/\/www.themora.com\/it\/wp-json\/wp\/v2\/pages\/10557"}],"wp:attachment":[{"href":"https:\/\/www.themora.com\/it\/wp-json\/wp\/v2\/media?parent=8341"}],"curies":[{"name":"wp","href":"https:\/\/api.w.org\/{rel}","templated":true}]}}