{"id":8337,"date":"2024-09-29T10:37:34","date_gmt":"2024-09-29T08:37:34","guid":{"rendered":"https:\/\/www.themora.com\/?page_id=8337"},"modified":"2025-04-08T16:06:38","modified_gmt":"2025-04-08T14:06:38","slug":"stravaganza-di-pasqua","status":"publish","type":"page","link":"https:\/\/www.themora.com\/it\/promozioni\/stravaganza-di-pasqua\/","title":{"rendered":"Stravaganza di Pasqua"},"content":{"rendered":"<div class=\"fusion-fullwidth fullwidth-box fusion-builder-row-1 fusion-flex-container has-pattern-background has-mask-background nonhundred-percent-fullwidth non-hundred-percent-height-scrolling\" style=\"--awb-border-radius-top-left:0px;--awb-border-radius-top-right:0px;--awb-border-radius-bottom-right:0px;--awb-border-radius-bottom-left:0px;--awb-padding-top:100px;--awb-background-color:var(--awb-color6);--awb-flex-wrap:wrap;\" ><div class=\"fusion-builder-row fusion-row fusion-flex-align-items-flex-start fusion-flex-content-wrap\" style=\"max-width:1248px;margin-left: calc(-4% \/ 2 );margin-right: calc(-4% \/ 2 );\"><div class=\"fusion-layout-column fusion_builder_column fusion-builder-column-0 fusion_builder_column_1_1 1_1 fusion-flex-column\" style=\"--awb-padding-bottom:30px;--awb-bg-size:cover;--awb-width-large:100%;--awb-margin-top-large:0px;--awb-spacing-right-large:1.92%;--awb-margin-bottom-large:20px;--awb-spacing-left-large:1.92%;--awb-width-medium:100%;--awb-order-medium:0;--awb-spacing-right-medium:1.92%;--awb-spacing-left-medium:1.92%;--awb-width-small:100%;--awb-order-small:0;--awb-spacing-right-small:1.92%;--awb-spacing-left-small:1.92%;\" data-scroll-devices=\"small-visibility,medium-visibility,large-visibility\"><div class=\"fusion-column-wrapper fusion-column-has-shadow fusion-flex-justify-content-flex-start fusion-content-layout-column\"><div class=\"fusion-text fusion-text-1\"><h1>Stravaganza di Pasqua<\/h1>\n<\/div><div class=\"fusion-text fusion-text-2\"><p><span style=\"font-weight: 400;\">Festeggiate la Pasqua con una fuga in famiglia ricca di divertimento al The Mora Zanzibar. Il nostro pacchetto Stravaganza di Pasqua comprende uno speciale Brunch di Pasqua a una vivace Festa di Pasqua, per offrire qualcosa a tutti. I bambini possono divertirsi con la caccia all\u2019uovo e manualit\u00e0 creative mentre gli adulti si rilassano in piscina o si concedono un rigenerante trattamento benessere. Rendete memorabile questa Pasqua grazie ad attivit\u00e0 che riuniscono tutta la famiglia in uno splendido ambiente sul lungomare.<\/span><\/p>\n<\/div><div class=\"fusion-image-element \" style=\"--awb-aspect-ratio:21 \/ 9;--awb-object-position:26% 29%;--awb-caption-title-font-family:var(--h5_typography-font-family);--awb-caption-title-font-weight:var(--h5_typography-font-weight);--awb-caption-title-font-style:var(--h5_typography-font-style);--awb-caption-title-size:var(--h5_typography-font-size);--awb-caption-title-transform:var(--h5_typography-text-transform);--awb-caption-title-line-height:var(--h5_typography-line-height);--awb-caption-title-letter-spacing:var(--h5_typography-letter-spacing);\"><span class=\" fusion-imageframe imageframe-none imageframe-1 hover-type-none has-aspect-ratio\"><img decoding=\"async\" width=\"300\" height=\"200\" alt=\"Children participating in an Easter egg hunt in the resort\u2019s lush gardens, with colorful decorations and joyful expressions.\" title=\"easter extravaganza promo scaled\" src=\"https:\/\/www.themora.com\/wp-content\/uploads\/2024\/07\/easter-extravaganza-promo-300x200.jpg\" class=\"img-responsive wp-image-12951 img-with-aspect-ratio\" data-parent-fit=\"cover\" data-parent-container=\".fusion-image-element\" srcset=\"https:\/\/www.themora.com\/wp-content\/uploads\/2024\/07\/easter-extravaganza-promo-200x133.jpg 200w, https:\/\/www.themora.com\/wp-content\/uploads\/2024\/07\/easter-extravaganza-promo-400x267.jpg 400w, https:\/\/www.themora.com\/wp-content\/uploads\/2024\/07\/easter-extravaganza-promo-600x400.jpg 600w, https:\/\/www.themora.com\/wp-content\/uploads\/2024\/07\/easter-extravaganza-promo-800x533.jpg 800w, https:\/\/www.themora.com\/wp-content\/uploads\/2024\/07\/easter-extravaganza-promo-1200x800.jpg 1200w\" sizes=\"(max-width: 640px) 100vw, 1200px\" \/><\/span><\/div><div style=\"text-align:center;\"><a class=\"fusion-button button-flat fusion-button-default-size button-custom fusion-button-default button-1 fusion-button-default-span fusion-button-default-type\" style=\"--awb-margin-top:20px;--awb-margin-bottom:20px;--button_accent_color:var(--awb-color8);--button_border_color:var(--awb-color8);--button_accent_hover_color:var(--awb-color8);--button_border_hover_color:#dfdfdf;--button_gradient_top_color:var(--awb-color7);--button_gradient_bottom_color:var(--awb-color7);--button_gradient_top_color_hover:#dfdfdf;--button_gradient_bottom_color_hover:#dfdfdf;\" target=\"_self\" href=\"https:\/\/reservations.themora.com\/?Hotel=45447&amp;Chain=28165&amp;locale=en-US&amp;arrive=2025-04-15&amp;depart=2025-04-24&amp;adult=2&amp;child=0&amp;currency=EUR&amp;promo=Extravaganza&amp;locale=it-IT\" rel=\"noopener\"><span class=\"fusion-button-text awb-button__text awb-button__text--default\">Prenotate la vostra vacanza di Pasqua<\/span><\/a><\/div><div class=\"fusion-text fusion-text-3\"><p style=\"text-align: center;\">Sconto: Dal 15%<\/p>\n<p style=\"text-align: center;\">Easter Extravaganza ha uno sconto del 20% sulla BAR<\/p>\n<p style=\"text-align: center;\">Date di soggiorno: dal 15 aprile 25 al 24 aprile 25<\/p>\n<p style=\"text-align: center;\">Prenotabile: da giugno 2024 al 23 aprile 25<\/p>\n<\/div><div class=\"fusion-text fusion-text-4\"><p style=\"text-align: center;\"><strong>Politica di cancellazione:<\/strong><\/p>\n<p style=\"text-align: center;\">Questa prenotazione non \u00e8 modificabile n\u00e9 rimborsabile. In caso di tentativo di modifica, cancellazione o mancato arrivo, non verr\u00e0 fornito alcun rimborso.<\/p>\n<\/div><div class=\"fusion-text fusion-text-5\"><p style=\"text-align: center;\"><strong>Politica di pagamento:<\/strong><\/p>\n<p style=\"text-align: center;\">Questa prenotazione richiede il pagamento completo anticipato per l&#8217;intero soggiorno, che verr\u00e0 addebitato sulla carta fornita.<\/p>\n<p style=\"text-align: center;\">La tariffa \u00e8 soggetta a una tassa obbligatoria di infrastruttura di 5 USD a persona, per notte, da pagare in hotel.<\/p>\n<\/div><\/div><\/div><\/div><\/div>\n","protected":false},"excerpt":{"rendered":"","protected":false},"author":5,"featured_media":0,"parent":10557,"menu_order":0,"comment_status":"closed","ping_status":"closed","template":"100-width.php","meta":{"footnotes":""},"class_list":["post-8337","page","type-page","status-publish","hentry"],"_links":{"self":[{"href":"https:\/\/www.themora.com\/it\/wp-json\/wp\/v2\/pages\/8337","targetHints":{"allow":["GET"]}}],"collection":[{"href":"https:\/\/www.themora.com\/it\/wp-json\/wp\/v2\/pages"}],"about":[{"href":"https:\/\/www.themora.com\/it\/wp-json\/wp\/v2\/types\/page"}],"author":[{"embeddable":true,"href":"https:\/\/www.themora.com\/it\/wp-json\/wp\/v2\/users\/5"}],"replies":[{"embeddable":true,"href":"https:\/\/www.themora.com\/it\/wp-json\/wp\/v2\/comments?post=8337"}],"version-history":[{"count":2,"href":"https:\/\/www.themora.com\/it\/wp-json\/wp\/v2\/pages\/8337\/revisions"}],"predecessor-version":[{"id":8348,"href":"https:\/\/www.themora.com\/it\/wp-json\/wp\/v2\/pages\/8337\/revisions\/8348"}],"up":[{"embeddable":true,"href":"https:\/\/www.themora.com\/it\/wp-json\/wp\/v2\/pages\/10557"}],"wp:attachment":[{"href":"https:\/\/www.themora.com\/it\/wp-json\/wp\/v2\/media?parent=8337"}],"curies":[{"name":"wp","href":"https:\/\/api.w.org\/{rel}","templated":true}]}}