{"id":8335,"date":"2024-06-28T12:49:33","date_gmt":"2024-06-28T10:49:33","guid":{"rendered":"https:\/\/www.themora.com\/?page_id=8335"},"modified":"2025-10-20T17:57:53","modified_gmt":"2025-10-20T15:57:53","slug":"prenotazione-anticipata","status":"publish","type":"page","link":"https:\/\/www.themora.com\/it\/promozioni\/prenotazione-anticipata\/","title":{"rendered":"Risparmiate il 20% grazie a Meravigliosa prenotazione anticipata presso The Mora Zanzibar"},"content":{"rendered":"<div class=\"fusion-fullwidth fullwidth-box fusion-builder-row-1 fusion-flex-container has-pattern-background has-mask-background nonhundred-percent-fullwidth non-hundred-percent-height-scrolling\" style=\"--awb-border-radius-top-left:0px;--awb-border-radius-top-right:0px;--awb-border-radius-bottom-right:0px;--awb-border-radius-bottom-left:0px;--awb-padding-top:100px;--awb-padding-top-small:130px;--awb-background-color:var(--awb-color6);--awb-flex-wrap:wrap;\" ><div class=\"fusion-builder-row fusion-row fusion-flex-align-items-flex-start fusion-flex-content-wrap\" style=\"max-width:1248px;margin-left: calc(-4% \/ 2 );margin-right: calc(-4% \/ 2 );\"><div class=\"fusion-layout-column fusion_builder_column fusion-builder-column-0 fusion_builder_column_1_1 1_1 fusion-flex-column\" style=\"--awb-padding-bottom:30px;--awb-bg-size:cover;--awb-width-large:100%;--awb-margin-top-large:0px;--awb-spacing-right-large:1.92%;--awb-margin-bottom-large:20px;--awb-spacing-left-large:1.92%;--awb-width-medium:100%;--awb-order-medium:0;--awb-spacing-right-medium:1.92%;--awb-spacing-left-medium:1.92%;--awb-width-small:100%;--awb-order-small:0;--awb-spacing-right-small:1.92%;--awb-spacing-left-small:1.92%;\" data-scroll-devices=\"small-visibility,medium-visibility,large-visibility\"><div class=\"fusion-column-wrapper fusion-column-has-shadow fusion-flex-justify-content-flex-start fusion-content-layout-column\"><div class=\"fusion-text fusion-text-1\"><h1 style=\"text-align: center;\">Meravigliosa prenotazione anticipata<\/h1>\n<\/div><div class=\"fusion-text fusion-text-2\"><p style=\"text-align: center;\"><span style=\"font-weight: 400;\">Pianificate in anticipo le vostre vacanze da sogno presso The Mora Zanzibar e godetevi un 20% di sconto sul vostro soggiorno. La nostra offerta Meravigliosa prenotazione anticipata vi consente di assicurarvi il vostro posto in paradiso facilmente e risparmiando sulla vostra fuga di lusso. Questa promozione valida tutto l\u2019anno \u00e8 perfetta per famiglie e coppie che vogliono sperimentare il meglio di Zanzibar senza lo stress della pianificazione last minute. Prenotate con un anticipo di 7 giorni o pi\u00f9 per rilassarvi nelle nostre suite dal design accattivante, concedervi ristoranti di prima classe e creare ricordi indimenticabili grazie al nostro sconto per prenotazione anticipata.<\/span><\/p>\n<\/div><div class=\"fusion-image-element \" style=\"text-align:center;--awb-margin-bottom:20px;--awb-caption-title-font-family:var(--h2_typography-font-family);--awb-caption-title-font-weight:var(--h2_typography-font-weight);--awb-caption-title-font-style:var(--h2_typography-font-style);--awb-caption-title-size:var(--h2_typography-font-size);--awb-caption-title-transform:var(--h2_typography-text-transform);--awb-caption-title-line-height:var(--h2_typography-line-height);--awb-caption-title-letter-spacing:var(--h2_typography-letter-spacing);\"><span class=\" fusion-imageframe imageframe-none imageframe-1 hover-type-none\"><img decoding=\"async\" width=\"1466\" height=\"789\" title=\"early-booking-bliss-new\" src=\"https:\/\/www.themora.com\/wp-content\/uploads\/2025\/09\/early-booking-bliss-new.jpg\" class=\"img-responsive wp-image-13887\" srcset=\"https:\/\/www.themora.com\/wp-content\/uploads\/2025\/09\/early-booking-bliss-new-200x108.jpg 200w, https:\/\/www.themora.com\/wp-content\/uploads\/2025\/09\/early-booking-bliss-new-400x215.jpg 400w, https:\/\/www.themora.com\/wp-content\/uploads\/2025\/09\/early-booking-bliss-new-600x323.jpg 600w, https:\/\/www.themora.com\/wp-content\/uploads\/2025\/09\/early-booking-bliss-new-800x431.jpg 800w, https:\/\/www.themora.com\/wp-content\/uploads\/2025\/09\/early-booking-bliss-new-1200x646.jpg 1200w, https:\/\/www.themora.com\/wp-content\/uploads\/2025\/09\/early-booking-bliss-new.jpg 1466w\" sizes=\"(max-width: 640px) 100vw, 1200px\" alt=\"\"><\/span><\/div><div style=\"text-align:center;\"><a class=\"fusion-button button-flat fusion-button-default-size button-custom fusion-button-default button-1 fusion-button-default-span fusion-button-default-type\" style=\"--awb-margin-bottom:20px;--button_accent_color:var(--awb-color1);--button_accent_hover_color:var(--awb-color8);--button_border_hover_color:#dfdfdf;--button_gradient_top_color:var(--awb-color7);--button_gradient_bottom_color:var(--awb-color7);--button_gradient_top_color_hover:#dfdfdf;--button_gradient_bottom_color_hover:#dfdfdf;\" target=\"_self\" href=\"https:\/\/reservations.themora.com\/?Hotel=45447&amp;Chain=28165&amp;promo=EBO&amp;currency=EUR&amp;locale=it-IT\" rel=\"noopener\"><span class=\"fusion-button-text awb-button__text awb-button__text--default\">Prenotate anticipatamente e risparmiate il 20%<\/span><\/a><\/div><div class=\"fusion-text fusion-text-3\"><p style=\"text-align: center;\">Prenotabile: Le prenotazioni possono essere effettuate fino a 7 giorni prima dell&#8217;arrivo e oltre.<\/p>\n<p style=\"text-align: center;\">Finestra di prenotazione: fino a 7 giorni prima dell&#8217;arrivo.<\/p>\n<p style=\"text-align: center;\">Date di soggiorno: Tutto l&#8217;anno.<\/p>\n<p style=\"text-align: center;\">Prenotabile: Tutto l&#8217;anno.<\/p>\n<\/div><div class=\"fusion-text fusion-text-4\"><p style=\"text-align: center;\"><strong>Politica di cancellazione:<\/strong><\/p>\n<p style=\"text-align: center;\">Questa prenotazione non \u00e8 modificabile n\u00e9 rimborsabile. In caso di tentativo di modifica, cancellazione o mancato arrivo, non verr\u00e0 fornito alcun rimborso.<\/p>\n<\/div><div class=\"fusion-text fusion-text-5\"><p style=\"text-align: center;\"><strong>Politica di pagamento:<\/strong><\/p>\n<p style=\"text-align: center;\">Questa prenotazione richiede il pagamento completo anticipato per l&#8217;intero soggiorno, che verr\u00e0 addebitato sulla carta fornita.<\/p>\n<p style=\"text-align: center;\">La tariffa \u00e8 soggetta a una tassa obbligatoria di infrastruttura di 5 USD a persona, per notte, da pagare in hotel.<\/p>\n<\/div><\/div><\/div><\/div><\/div>\n","protected":false},"excerpt":{"rendered":"","protected":false},"author":5,"featured_media":0,"parent":10557,"menu_order":0,"comment_status":"closed","ping_status":"closed","template":"100-width.php","meta":{"footnotes":""},"class_list":["post-8335","page","type-page","status-publish","hentry"],"_links":{"self":[{"href":"https:\/\/www.themora.com\/it\/wp-json\/wp\/v2\/pages\/8335","targetHints":{"allow":["GET"]}}],"collection":[{"href":"https:\/\/www.themora.com\/it\/wp-json\/wp\/v2\/pages"}],"about":[{"href":"https:\/\/www.themora.com\/it\/wp-json\/wp\/v2\/types\/page"}],"author":[{"embeddable":true,"href":"https:\/\/www.themora.com\/it\/wp-json\/wp\/v2\/users\/5"}],"replies":[{"embeddable":true,"href":"https:\/\/www.themora.com\/it\/wp-json\/wp\/v2\/comments?post=8335"}],"version-history":[{"count":5,"href":"https:\/\/www.themora.com\/it\/wp-json\/wp\/v2\/pages\/8335\/revisions"}],"predecessor-version":[{"id":14528,"href":"https:\/\/www.themora.com\/it\/wp-json\/wp\/v2\/pages\/8335\/revisions\/14528"}],"up":[{"embeddable":true,"href":"https:\/\/www.themora.com\/it\/wp-json\/wp\/v2\/pages\/10557"}],"wp:attachment":[{"href":"https:\/\/www.themora.com\/it\/wp-json\/wp\/v2\/media?parent=8335"}],"curies":[{"name":"wp","href":"https:\/\/api.w.org\/{rel}","templated":true}]}}