{"id":17228,"date":"2026-03-27T20:47:36","date_gmt":"2026-03-27T19:47:36","guid":{"rendered":"https:\/\/www.themora.com\/?page_id=17228"},"modified":"2026-04-07T09:54:46","modified_gmt":"2026-04-07T07:54:46","slug":"mora-sunshine-escape","status":"publish","type":"page","link":"https:\/\/www.themora.com\/fr\/promotions-et-offres\/mora-sunshine-escape\/","title":{"rendered":"Mora Sunshine Escape"},"content":{"rendered":"<div class=\"fusion-fullwidth fullwidth-box fusion-builder-row-1 fusion-flex-container has-pattern-background has-mask-background nonhundred-percent-fullwidth non-hundred-percent-height-scrolling\" style=\"--awb-border-radius-top-left:0px;--awb-border-radius-top-right:0px;--awb-border-radius-bottom-right:0px;--awb-border-radius-bottom-left:0px;--awb-padding-top:100px;--awb-padding-top-small:130px;--awb-background-color:var(--awb-color6);--awb-flex-wrap:wrap;\" ><div class=\"fusion-builder-row fusion-row fusion-flex-align-items-flex-start fusion-flex-content-wrap\" style=\"max-width:1248px;margin-left: calc(-4% \/ 2 );margin-right: calc(-4% \/ 2 );\"><div class=\"fusion-layout-column fusion_builder_column fusion-builder-column-0 fusion_builder_column_1_1 1_1 fusion-flex-column\" style=\"--awb-padding-bottom:30px;--awb-bg-size:cover;--awb-width-large:100%;--awb-margin-top-large:0px;--awb-spacing-right-large:1.92%;--awb-margin-bottom-large:20px;--awb-spacing-left-large:1.92%;--awb-width-medium:100%;--awb-order-medium:0;--awb-spacing-right-medium:1.92%;--awb-spacing-left-medium:1.92%;--awb-width-small:100%;--awb-order-small:0;--awb-spacing-right-small:1.92%;--awb-spacing-left-small:1.92%;\" data-scroll-devices=\"small-visibility,medium-visibility,large-visibility\"><div class=\"fusion-column-wrapper fusion-column-has-shadow fusion-flex-justify-content-flex-start fusion-content-layout-column\"><div class=\"fusion-text fusion-text-1\"><h1 style=\"text-align: center;\">Mora Sunshine Escape!<\/h1>\n<\/div><div class=\"fusion-text fusion-text-2\"><p style=\"text-align: center;\" data-start=\"1714\" data-end=\"1753\"><strong data-start=\"1714\" data-end=\"1753\">Les offres Sunshine sont arriv\u00e9es !<\/strong><\/p>\n<p style=\"text-align: center;\" data-start=\"1755\" data-end=\"1881\">R\u00e9servez votre escapade au <strong data-start=\"1063\" data-end=\"1084\">The Mora Zanzibar<\/strong> et profitez de <strong data-start=\"1100\" data-end=\"1129\">jusqu\u2019\u00e0 30% de r\u00e9duction<\/strong> sur votre s\u00e9jour pour une dur\u00e9e limit\u00e9e.<\/p>\n<p style=\"text-align: center;\" data-start=\"1883\" data-end=\"1997\">R\u00e9servez entre le <strong data-start=\"1901\" data-end=\"1941\">1er avril 2026 et le 30 juillet 2026<\/strong> et s\u00e9journez du <strong data-start=\"1958\" data-end=\"1996\">1er avril 2026 au 20 d\u00e9cembre 2026<\/strong>.<\/p>\n<p style=\"text-align: center;\" data-start=\"1999\" data-end=\"2220\">D\u00e9tendez-vous sur des plages \u00e0 couper le souffle, savourez une cuisine de classe mondiale et d\u00e9couvrez le barefoot luxury comme jamais auparavant.<br data-start=\"2145\" data-end=\"2148\" \/>Ne manquez pas cette offre sunshine exclusive \u2014 le paradis vous appelle.<\/p>\n<\/div><div class=\"fusion-image-element \" style=\"text-align:center;--awb-margin-bottom:20px;--awb-caption-title-font-family:var(--h2_typography-font-family);--awb-caption-title-font-weight:var(--h2_typography-font-weight);--awb-caption-title-font-style:var(--h2_typography-font-style);--awb-caption-title-size:var(--h2_typography-font-size);--awb-caption-title-transform:var(--h2_typography-text-transform);--awb-caption-title-line-height:var(--h2_typography-line-height);--awb-caption-title-letter-spacing:var(--h2_typography-letter-spacing);\"><span class=\" fusion-imageframe imageframe-none imageframe-1 hover-type-none\"><img decoding=\"async\" width=\"1466\" height=\"789\" alt=\"Mora Sunshine Escape - Up to 30%\" title=\"mora-sunshine-escape-upto30-xpress\" src=\"https:\/\/www.themora.com\/wp-content\/uploads\/2026\/04\/mora-sunshine-escape-upto30-xpress.jpg\" class=\"img-responsive wp-image-17324\" srcset=\"https:\/\/www.themora.com\/wp-content\/uploads\/2026\/04\/mora-sunshine-escape-upto30-xpress-200x108.jpg 200w, https:\/\/www.themora.com\/wp-content\/uploads\/2026\/04\/mora-sunshine-escape-upto30-xpress-400x215.jpg 400w, https:\/\/www.themora.com\/wp-content\/uploads\/2026\/04\/mora-sunshine-escape-upto30-xpress-600x323.jpg 600w, https:\/\/www.themora.com\/wp-content\/uploads\/2026\/04\/mora-sunshine-escape-upto30-xpress-800x431.jpg 800w, https:\/\/www.themora.com\/wp-content\/uploads\/2026\/04\/mora-sunshine-escape-upto30-xpress-1200x646.jpg 1200w, https:\/\/www.themora.com\/wp-content\/uploads\/2026\/04\/mora-sunshine-escape-upto30-xpress.jpg 1466w\" sizes=\"(max-width: 640px) 100vw, 1200px\" \/><\/span><\/div><div style=\"text-align:center;\"><a class=\"fusion-button button-flat fusion-button-default-size button-custom fusion-button-default button-1 fusion-button-default-span fusion-button-default-type\" style=\"--awb-margin-bottom:20px;--button_accent_color:var(--awb-color1);--button_accent_hover_color:var(--awb-color8);--button_border_hover_color:#dfdfdf;--button_gradient_top_color:var(--awb-color7);--button_gradient_bottom_color:var(--awb-color7);--button_gradient_top_color_hover:#dfdfdf;--button_gradient_bottom_color_hover:#dfdfdf;\" target=\"_self\" href=\"https:\/\/reservations.themora.com\/?adult=1&amp;chain=28165&amp;child=0&amp;currency=EUR&amp;hotel=45447&amp;level=hotel&amp;locale=fr-FR&amp;productcurrency=EUR&amp;promo=TMOSA&amp;rooms=1\" rel=\"noopener\"><span class=\"fusion-button-text awb-button__text awb-button__text--default\">D\u00c9BLOQUEZ JUSQU\u2019\u00c0 -30%<\/span><\/a><\/div><div class=\"fusion-text fusion-text-3\"><p style=\"text-align: center;\" data-start=\"2249\" data-end=\"2363\">R\u00e9servez entre le <strong data-start=\"2267\" data-end=\"2307\">1er avril 2026 et le 30 juillet 2026<\/strong>.<br data-start=\"2308\" data-end=\"2311\" \/>S\u00e9journez du <strong data-start=\"2324\" data-end=\"2362\">1er avril 2026 au 20 d\u00e9cembre 2026<\/strong>.<\/p>\n<p data-start=\"2365\" data-end=\"2495\"><span style=\"font-size: 10pt;\">*Pour les s\u00e9jours en ao\u00fbt, un s\u00e9jour minimum de 7 nuits est requis. R\u00e9servation anticip\u00e9e requise : cette promotion n\u2019est pas applicable aux r\u00e9servations effectu\u00e9es dans les 7 jours pr\u00e9c\u00e9dant l\u2019arriv\u00e9e pour les s\u00e9jours en avril et mai, ni dans les 14 jours pr\u00e9c\u00e9dant l\u2019arriv\u00e9e pour les s\u00e9jours \u00e0 partir de juin (ao\u00fbt inclus).<\/span><\/p>\n<\/div><div class=\"fusion-text fusion-text-4\"><h3 style=\"text-align: center;\"><b>Politique d&rsquo;annulation :<\/b><\/h3>\n<p style=\"text-align: center;\">Cette r\u00e9servation n\u2019est <strong>ni modifiable ni remboursable<\/strong>. En cas de modification, d\u2019annulation ou de non-pr\u00e9sentation, aucun remboursement ne sera accord\u00e9.<\/p>\n<\/div><div class=\"fusion-text fusion-text-5\"><h3 style=\"text-align: center;\"><b>Politique de paiement :<\/b><\/h3>\n<p style=\"text-align: center;\">Le paiement int\u00e9gral est requis au moment de la r\u00e9servation. Le montant total sera d\u00e9bit\u00e9 de la carte fournie.<\/p>\n<p style=\"text-align: center;\">Le tarif est soumis \u00e0 <strong>une taxe d\u2019infrastructure obligatoire de 5 US<\/strong><strong>D par personne et par nuit<\/strong>, payable directement \u00e0 l\u2019h\u00f4tel.<\/p>\n<\/div><\/div><\/div><\/div><\/div>\n","protected":false},"excerpt":{"rendered":"","protected":false},"author":5,"featured_media":0,"parent":10446,"menu_order":0,"comment_status":"closed","ping_status":"closed","template":"100-width.php","meta":{"footnotes":""},"class_list":["post-17228","page","type-page","status-publish","hentry"],"_links":{"self":[{"href":"https:\/\/www.themora.com\/fr\/wp-json\/wp\/v2\/pages\/17228","targetHints":{"allow":["GET"]}}],"collection":[{"href":"https:\/\/www.themora.com\/fr\/wp-json\/wp\/v2\/pages"}],"about":[{"href":"https:\/\/www.themora.com\/fr\/wp-json\/wp\/v2\/types\/page"}],"author":[{"embeddable":true,"href":"https:\/\/www.themora.com\/fr\/wp-json\/wp\/v2\/users\/5"}],"replies":[{"embeddable":true,"href":"https:\/\/www.themora.com\/fr\/wp-json\/wp\/v2\/comments?post=17228"}],"version-history":[{"count":10,"href":"https:\/\/www.themora.com\/fr\/wp-json\/wp\/v2\/pages\/17228\/revisions"}],"predecessor-version":[{"id":17343,"href":"https:\/\/www.themora.com\/fr\/wp-json\/wp\/v2\/pages\/17228\/revisions\/17343"}],"up":[{"embeddable":true,"href":"https:\/\/www.themora.com\/fr\/wp-json\/wp\/v2\/pages\/10446"}],"wp:attachment":[{"href":"https:\/\/www.themora.com\/fr\/wp-json\/wp\/v2\/media?parent=17228"}],"curies":[{"name":"wp","href":"https:\/\/api.w.org\/{rel}","templated":true}]}}