{"id":10387,"date":"2025-04-02T13:43:09","date_gmt":"2025-04-02T11:43:09","guid":{"rendered":"https:\/\/www.themora.com\/?page_id=10387"},"modified":"2025-04-22T14:03:22","modified_gmt":"2025-04-22T12:03:22","slug":"conditions-generales-de-vente","status":"publish","type":"page","link":"https:\/\/www.themora.com\/fr\/conditions-generales-de-vente\/","title":{"rendered":"Conditions G\u00e9n\u00e9rales de Vente"},"content":{"rendered":"<div class=\"fusion-fullwidth fullwidth-box fusion-builder-row-1 fusion-flex-container has-pattern-background has-mask-background nonhundred-percent-fullwidth non-hundred-percent-height-scrolling\" style=\"--awb-border-radius-top-left:0px;--awb-border-radius-top-right:0px;--awb-border-radius-bottom-right:0px;--awb-border-radius-bottom-left:0px;--awb-padding-top:160px;--awb-background-color:var(--awb-color6);--awb-flex-wrap:wrap;\" ><div class=\"fusion-builder-row fusion-row fusion-flex-align-items-flex-start fusion-flex-content-wrap\" style=\"max-width:1248px;margin-left: calc(-4% \/ 2 );margin-right: calc(-4% \/ 2 );\"><div class=\"fusion-layout-column fusion_builder_column fusion-builder-column-0 fusion_builder_column_1_1 1_1 fusion-flex-column\" style=\"--awb-bg-size:cover;--awb-width-large:100%;--awb-margin-top-large:0px;--awb-spacing-right-large:1.92%;--awb-margin-bottom-large:20px;--awb-spacing-left-large:1.92%;--awb-width-medium:100%;--awb-order-medium:0;--awb-spacing-right-medium:1.92%;--awb-spacing-left-medium:1.92%;--awb-width-small:100%;--awb-order-small:0;--awb-spacing-right-small:1.92%;--awb-spacing-left-small:1.92%;\"><div class=\"fusion-column-wrapper fusion-column-has-shadow fusion-flex-justify-content-flex-start fusion-content-layout-column\"><div class=\"fusion-title title fusion-title-1 fusion-sep-none fusion-title-text fusion-title-size-one\" style=\"--awb-margin-top-small:10px;--awb-margin-right-small:0px;--awb-margin-bottom-small:10px;--awb-margin-left-small:0px;\"><h1 class=\"fusion-title-heading title-heading-left\" style=\"margin:0;\">Conditions G\u00e9n\u00e9rales de Vente de The Mora Zanzibar<\/h1><\/div><div class=\"accordian fusion-accordian\" style=\"--awb-border-size:1px;--awb-icon-size:16px;--awb-content-font-size:var(--awb-typography4-font-size);--awb-icon-alignment:left;--awb-hover-color:var(--awb-color2);--awb-border-color:var(--awb-color6);--awb-background-color:var(--awb-color1);--awb-divider-color:var(--awb-color8);--awb-divider-hover-color:var(--awb-color8);--awb-icon-color:var(--awb-color1);--awb-title-color:var(--awb-color8);--awb-content-color:var(--awb-color8);--awb-icon-box-color:var(--awb-color8);--awb-toggle-hover-accent-color:var(--awb-color7);--awb-title-font-family:var(--awb-typography1-font-family);--awb-title-font-weight:var(--awb-typography1-font-weight);--awb-title-font-style:var(--awb-typography1-font-style);--awb-title-font-size:16px;--awb-title-letter-spacing:var(--awb-typography1-letter-spacing);--awb-title-line-height:var(--awb-typography1-line-height);--awb-content-font-family:&quot;ABCMarfa-Light&quot;;--awb-content-font-style:normal;--awb-content-font-weight:400;\"><div class=\"panel-group fusion-toggle-icon-boxed\" id=\"accordion-10387-1\"><div class=\"fusion-panel panel-default panel-200b62be06432854b fusion-toggle-has-divider\" style=\"--awb-title-color:var(--awb-color8);--awb-content-color:var(--awb-color8);\"><div class=\"panel-heading\"><h4 class=\"panel-title toggle\" id=\"toggle_200b62be06432854b\"><a aria-expanded=\"false\" aria-controls=\"200b62be06432854b\" role=\"button\" data-toggle=\"collapse\" data-parent=\"#accordion-10387-1\" data-target=\"#200b62be06432854b\" href=\"#200b62be06432854b\"><span class=\"fusion-toggle-icon-wrapper\" aria-hidden=\"true\"><i class=\"fa-fusion-box active-icon awb-icon-minus\" aria-hidden=\"true\"><\/i><i class=\"fa-fusion-box inactive-icon awb-icon-plus\" aria-hidden=\"true\"><\/i><\/span><span class=\"fusion-toggle-heading\">Champ d\u2019application<\/span><\/a><\/h4><\/div><div id=\"200b62be06432854b\" class=\"panel-collapse collapse \" aria-labelledby=\"toggle_200b62be06432854b\"><div class=\"panel-body toggle-content fusion-clearfix\">\n<ol>\n<li>Les pr\u00e9sentes Conditions G\u00e9n\u00e9rales s\u2019appliquent \u00e0 tous les contrats relatifs aux services fournis par The Mora Zanzibar aux clients, organisateurs et autres partenaires contractuels (ci-apr\u00e8s d\u00e9nomm\u00e9s le \u00ab Client \u00bb), notamment aux contrats de location de chambres d\u2019h\u00f4tel.<\/li>\n<li>Les conditions g\u00e9n\u00e9rales du Client ne s\u2019appliquent pas, m\u00eame si The Mora Zanzibar ne les contredit pas express\u00e9ment.<\/li>\n<\/ol>\n<\/div><\/div><\/div><div class=\"fusion-panel panel-default panel-7a63ca12504dfe5b5 fusion-toggle-has-divider\" style=\"--awb-title-color:var(--awb-color8);--awb-content-color:var(--awb-color8);\"><div class=\"panel-heading\"><h4 class=\"panel-title toggle\" id=\"toggle_7a63ca12504dfe5b5\"><a aria-expanded=\"false\" aria-controls=\"7a63ca12504dfe5b5\" role=\"button\" data-toggle=\"collapse\" data-parent=\"#accordion-10387-1\" data-target=\"#7a63ca12504dfe5b5\" href=\"#7a63ca12504dfe5b5\"><span class=\"fusion-toggle-icon-wrapper\" aria-hidden=\"true\"><i class=\"fa-fusion-box active-icon awb-icon-minus\" aria-hidden=\"true\"><\/i><i class=\"fa-fusion-box inactive-icon awb-icon-plus\" aria-hidden=\"true\"><\/i><\/span><span class=\"fusion-toggle-heading\">Conclusion du contrat<\/span><\/a><\/h4><\/div><div id=\"7a63ca12504dfe5b5\" class=\"panel-collapse collapse \" aria-labelledby=\"toggle_7a63ca12504dfe5b5\"><div class=\"panel-body toggle-content fusion-clearfix\">\n<ol>\n<li>Le contrat prend effet lorsque The Mora Zanzibar accepte la demande du Client. Si The Mora Zanzibar soumet une offre ferme, le contrat est conclu lorsque le Client accepte cette offre. Dans les deux cas, The Mora Zanzibar peut confirmer la r\u00e9servation par \u00e9crit.<\/li>\n<li>Les partenaires contractuels sont The Mora Zanzibar et le Client.<\/li>\n<li>Pour les r\u00e9servations \u00e0 tarif promotionnel, un pourcentage sp\u00e9cifi\u00e9 du co\u00fbt du s\u00e9jour (indiqu\u00e9 au moment de la r\u00e9servation) doit \u00eatre pay\u00e9 \u00e0 la r\u00e9servation.<\/li>\n<li>Pour les r\u00e9servations effectu\u00e9es sur le site officiel de The Mora Zanzibar ou via d\u2019autres plateformes de r\u00e9servation num\u00e9riques, les coordonn\u00e9es d&rsquo;une carte de cr\u00e9dit valide au nom du Client peuvent \u00eatre exig\u00e9es. En fournissant ces informations, le Client autorise The Mora Zanzibar ou un prestataire agissant pour son compte \u00e0 d\u00e9biter le montant d\u00fb.<\/li>\n<li>La sous-location, la mise \u00e0 disposition gratuite \u00e0 des tiers ou l\u2019utilisation \u00e0 d\u2019autres fins que l\u2019h\u00e9bergement ne sont pas autoris\u00e9es, sauf accord \u00e9crit expr\u00e8s de The Mora Zanzibar.<\/li>\n<\/ol>\n<\/div><\/div><\/div><div class=\"fusion-panel panel-default panel-aa576b858516357a3 fusion-toggle-has-divider\" style=\"--awb-title-color:var(--awb-color8);--awb-content-color:var(--awb-color8);\"><div class=\"panel-heading\"><h4 class=\"panel-title toggle\" id=\"toggle_aa576b858516357a3\"><a aria-expanded=\"false\" aria-controls=\"aa576b858516357a3\" role=\"button\" data-toggle=\"collapse\" data-parent=\"#accordion-10387-1\" data-target=\"#aa576b858516357a3\" href=\"#aa576b858516357a3\"><span class=\"fusion-toggle-icon-wrapper\" aria-hidden=\"true\"><i class=\"fa-fusion-box active-icon awb-icon-minus\" aria-hidden=\"true\"><\/i><i class=\"fa-fusion-box inactive-icon awb-icon-plus\" aria-hidden=\"true\"><\/i><\/span><span class=\"fusion-toggle-heading\">Utilisation des chambres, remise et d\u00e9part<\/span><\/a><\/h4><\/div><div id=\"aa576b858516357a3\" class=\"panel-collapse collapse \" aria-labelledby=\"toggle_aa576b858516357a3\"><div class=\"panel-body toggle-content fusion-clearfix\">\n<ol>\n<li>Les chambres sont mises \u00e0 disposition uniquement \u00e0 des fins d\u2019h\u00e9bergement.<\/li>\n<li>Le Client est responsable envers The Mora Zanzibar de tout dommage caus\u00e9 par lui-m\u00eame ou par des tiers ayant profit\u00e9 des services \u00e0 sa demande. Cela s\u2019applique notamment aux \u00ab contrats d\u2019allocation \u00bb.<\/li>\n<li>Sauf accord contraire, le Client n\u2019a aucun droit \u00e0 une chambre sp\u00e9cifique.<\/li>\n<li>Le jour d\u2019arriv\u00e9e, les chambres sont disponibles \u00e0 partir de 15h00. Sauf accord contraire, les chambres seront gard\u00e9es jusqu\u2019\u00e0 18h00. Pass\u00e9 ce d\u00e9lai, l\u2019h\u00f4tel se r\u00e9serve le droit de relouer la chambre. Aucun droit ne peut en d\u00e9couler pour le Client.<\/li>\n<li>Le jour du d\u00e9part, les chambres doivent \u00eatre lib\u00e9r\u00e9es au plus tard \u00e0 11h00. Ensuite, l\u2019h\u00f4tel peut facturer une utilisation suppl\u00e9mentaire jusqu\u2019\u00e0 16h00 au tarif journalier, et \u00e0 partir de 16h00, 100 % du prix total h\u00e9bergement\/restauration (tarif plein).<\/li>\n<\/ol>\n<\/div><\/div><\/div><div class=\"fusion-panel panel-default panel-797baa2b401959fef fusion-toggle-has-divider\" style=\"--awb-title-color:var(--awb-color8);--awb-content-color:var(--awb-color8);\"><div class=\"panel-heading\"><h4 class=\"panel-title toggle\" id=\"toggle_797baa2b401959fef\"><a aria-expanded=\"false\" aria-controls=\"797baa2b401959fef\" role=\"button\" data-toggle=\"collapse\" data-parent=\"#accordion-10387-1\" data-target=\"#797baa2b401959fef\" href=\"#797baa2b401959fef\"><span class=\"fusion-toggle-icon-wrapper\" aria-hidden=\"true\"><i class=\"fa-fusion-box active-icon awb-icon-minus\" aria-hidden=\"true\"><\/i><i class=\"fa-fusion-box inactive-icon awb-icon-plus\" aria-hidden=\"true\"><\/i><\/span><span class=\"fusion-toggle-heading\">\u00c9v\u00e9nements\/Conf\u00e9rences<\/span><\/a><\/h4><\/div><div id=\"797baa2b401959fef\" class=\"panel-collapse collapse \" aria-labelledby=\"toggle_797baa2b401959fef\"><div class=\"panel-body toggle-content fusion-clearfix\">\n<ol>\n<li>Le Client doit informer The Mora Zanzibar du nombre final de participants au moins sept jours avant l\u2019\u00e9v\u00e9nement. Une augmentation du nombre de participants n\u00e9cessite l\u2019accord \u00e9crit de l\u2019h\u00f4tel. Sans cet accord, l\u2019\u00e9v\u00e9nement ne peut pas avoir lieu avec un nombre sup\u00e9rieur.<\/li>\n<li>Si l\u2019horaire de l\u2019\u00e9v\u00e9nement est modifi\u00e9, les co\u00fbts suppl\u00e9mentaires seront factur\u00e9s.<\/li>\n<li>Les salles r\u00e9serv\u00e9es ne sont disponibles que pour la dur\u00e9e convenue. The Mora Zanzibar peut modifier l\u2019attribution des salles si cela reste raisonnable pour le Client.<\/li>\n<li>Pour les \u00e9v\u00e9nements d\u00e9passant minuit, des frais horaires suppl\u00e9mentaires seront factur\u00e9s selon l\u2019accord pr\u00e9alable.<\/li>\n<li>Le Client doit obtenir \u00e0 ses frais toutes les autorisations officielles. Il est \u00e9galement responsable du respect de la l\u00e9gislation applicable et du paiement de tous frais dus \u00e0 des tiers (droits d\u2019auteur, taxes sur le divertissement, etc.).<\/li>\n<li>Le Client est responsable de la conduite de ses employ\u00e9s, invit\u00e9s et prestataires. L\u2019h\u00f4tel peut exiger des garanties.<\/li>\n<li>Il incombe au Client de souscrire \u00e0 toute assurance n\u00e9cessaire pour les objets apport\u00e9s.<\/li>\n<li>Il est interdit d\u2019apporter nourriture ou boisson aux \u00e9v\u00e9nements, sauf accord \u00e9crit. Dans ce cas, des frais de service peuvent \u00eatre appliqu\u00e9s.<\/li>\n<li>Toute publicit\u00e9 ou activit\u00e9 promotionnelle associ\u00e9e \u00e0 The Mora Zanzibar requiert une autorisation \u00e9crite pr\u00e9alable.<\/li>\n<\/ol>\n<\/div><\/div><\/div><div class=\"fusion-panel panel-default panel-9cac8c202e3fd4a2d fusion-toggle-has-divider\" style=\"--awb-title-color:var(--awb-color8);--awb-content-color:var(--awb-color8);\"><div class=\"panel-heading\"><h4 class=\"panel-title toggle\" id=\"toggle_9cac8c202e3fd4a2d\"><a aria-expanded=\"false\" aria-controls=\"9cac8c202e3fd4a2d\" role=\"button\" data-toggle=\"collapse\" data-parent=\"#accordion-10387-1\" data-target=\"#9cac8c202e3fd4a2d\" href=\"#9cac8c202e3fd4a2d\"><span class=\"fusion-toggle-icon-wrapper\" aria-hidden=\"true\"><i class=\"fa-fusion-box active-icon awb-icon-minus\" aria-hidden=\"true\"><\/i><i class=\"fa-fusion-box inactive-icon awb-icon-plus\" aria-hidden=\"true\"><\/i><\/span><span class=\"fusion-toggle-heading\">Prix, paiements, compensation et cession<\/span><\/a><\/h4><\/div><div id=\"9cac8c202e3fd4a2d\" class=\"panel-collapse collapse \" aria-labelledby=\"toggle_9cac8c202e3fd4a2d\"><div class=\"panel-body toggle-content fusion-clearfix\">\n<ol>\n<li>Les prix incluent les taxes en vigueur au moment de la r\u00e9servation, mais pas les taxes publiques comme la taxe touristique. Le Client devra les payer en suppl\u00e9ment. Les hausses de taxes seront \u00e0 la charge du Client. L\u2019h\u00f4tel peut demander un acompte jusqu\u2019\u00e0 100 % du montant total.<\/li>\n<li>Le Client ne peut compenser une cr\u00e9ance de The Mora Zanzibar qu\u2019en cas de reconnaissance l\u00e9gale ou judiciaire. Toute cession ou compensation n\u00e9cessite un accord \u00e9crit.<\/li>\n<\/ol>\n<\/div><\/div><\/div><div class=\"fusion-panel panel-default panel-72e7af47b16e3fe42 fusion-toggle-has-divider\" style=\"--awb-title-color:var(--awb-color8);--awb-content-color:var(--awb-color8);\"><div class=\"panel-heading\"><h4 class=\"panel-title toggle\" id=\"toggle_72e7af47b16e3fe42\"><a aria-expanded=\"false\" aria-controls=\"72e7af47b16e3fe42\" role=\"button\" data-toggle=\"collapse\" data-parent=\"#accordion-10387-1\" data-target=\"#72e7af47b16e3fe42\" href=\"#72e7af47b16e3fe42\"><span class=\"fusion-toggle-icon-wrapper\" aria-hidden=\"true\"><i class=\"fa-fusion-box active-icon awb-icon-minus\" aria-hidden=\"true\"><\/i><i class=\"fa-fusion-box inactive-icon awb-icon-plus\" aria-hidden=\"true\"><\/i><\/span><span class=\"fusion-toggle-heading\">Annulation\/R\u00e9duction<\/span><\/a><\/h4><\/div><div id=\"72e7af47b16e3fe42\" class=\"panel-collapse collapse \" aria-labelledby=\"toggle_72e7af47b16e3fe42\"><div class=\"panel-body toggle-content fusion-clearfix\">\n<ol>\n<li>Les r\u00e9servations sont fermes.<\/li>\n<li>En cas d\u2019annulation ou de r\u00e9duction (hors tarifs promotionnels), le Client devra payer des frais indiqu\u00e9s au moment de la r\u00e9servation, selon le d\u00e9lai d\u2019annulation.<\/li>\n<li>Les tarifs promotionnels ne sont ni annulables ni modifiables. Aucun remboursement n\u2019est pr\u00e9vu.<\/li>\n<li>Pour les \u00e9v\u00e9nements, les d\u00e9lais et conditions seront stipul\u00e9s par \u00e9crit.<\/li>\n<li>Le Client peut prouver qu\u2019aucun dommage n\u2019a \u00e9t\u00e9 subi ou qu\u2019il est moindre.<\/li>\n<li>Si l\u2019h\u00f4tel peut relouer les services annul\u00e9s, les frais dus par le Client seront r\u00e9duits du montant per\u00e7u.<\/li>\n<\/ol>\n<\/div><\/div><\/div><div class=\"fusion-panel panel-default panel-fc5fe9d59c5bbc04a fusion-toggle-has-divider\" style=\"--awb-title-color:var(--awb-color8);--awb-content-color:var(--awb-color8);\"><div class=\"panel-heading\"><h4 class=\"panel-title toggle\" id=\"toggle_fc5fe9d59c5bbc04a\"><a aria-expanded=\"false\" aria-controls=\"fc5fe9d59c5bbc04a\" role=\"button\" data-toggle=\"collapse\" data-parent=\"#accordion-10387-1\" data-target=\"#fc5fe9d59c5bbc04a\" href=\"#fc5fe9d59c5bbc04a\"><span class=\"fusion-toggle-icon-wrapper\" aria-hidden=\"true\"><i class=\"fa-fusion-box active-icon awb-icon-minus\" aria-hidden=\"true\"><\/i><i class=\"fa-fusion-box inactive-icon awb-icon-plus\" aria-hidden=\"true\"><\/i><\/span><span class=\"fusion-toggle-heading\">Annulation par The Mora Zanzibar\u2028<\/span><\/a><\/h4><\/div><div id=\"fc5fe9d59c5bbc04a\" class=\"panel-collapse collapse \" aria-labelledby=\"toggle_fc5fe9d59c5bbc04a\"><div class=\"panel-body toggle-content fusion-clearfix\">\n<p>The Mora Zanzibar peut annuler le contrat pour des raisons justifi\u00e9es, notamment :<\/p>\n<ul>\n<li>Non-paiement de l\u2019acompte dans les d\u00e9lais impartis.<\/li>\n<li>Force majeure, gr\u00e8ves, ou autres circonstances ind\u00e9pendantes de sa volont\u00e9.<\/li>\n<li>R\u00e9servations fond\u00e9es sur de fausses informations.<\/li>\n<li>Raisons justifi\u00e9es de penser que l\u2019utilisation du service porterait atteinte \u00e0 la r\u00e9putation ou \u00e0 la s\u00e9curit\u00e9 de l\u2019h\u00f4tel.<\/li>\n<\/ul>\n<\/div><\/div><\/div><div class=\"fusion-panel panel-default panel-cc7cf8988369bb376 fusion-toggle-has-divider\" style=\"--awb-title-color:var(--awb-color8);--awb-content-color:var(--awb-color8);\"><div class=\"panel-heading\"><h4 class=\"panel-title toggle\" id=\"toggle_cc7cf8988369bb376\"><a aria-expanded=\"false\" aria-controls=\"cc7cf8988369bb376\" role=\"button\" data-toggle=\"collapse\" data-parent=\"#accordion-10387-1\" data-target=\"#cc7cf8988369bb376\" href=\"#cc7cf8988369bb376\"><span class=\"fusion-toggle-icon-wrapper\" aria-hidden=\"true\"><i class=\"fa-fusion-box active-icon awb-icon-minus\" aria-hidden=\"true\"><\/i><i class=\"fa-fusion-box inactive-icon awb-icon-plus\" aria-hidden=\"true\"><\/i><\/span><span class=\"fusion-toggle-heading\">Services tiers<\/span><\/a><\/h4><\/div><div id=\"cc7cf8988369bb376\" class=\"panel-collapse collapse \" aria-labelledby=\"toggle_cc7cf8988369bb376\"><div class=\"panel-body toggle-content fusion-clearfix\">\n<p>The Mora Zanzibar peut proposer des services de tiers (excursions, transport), mais n\u2019assume aucune responsabilit\u00e9 pour ceux-ci.<\/p>\n<\/div><\/div><\/div><div class=\"fusion-panel panel-default panel-a941a2e09c49adf26 fusion-toggle-has-divider\" style=\"--awb-title-color:var(--awb-color8);--awb-content-color:var(--awb-color8);\"><div class=\"panel-heading\"><h4 class=\"panel-title toggle\" id=\"toggle_a941a2e09c49adf26\"><a aria-expanded=\"false\" aria-controls=\"a941a2e09c49adf26\" role=\"button\" data-toggle=\"collapse\" data-parent=\"#accordion-10387-1\" data-target=\"#a941a2e09c49adf26\" href=\"#a941a2e09c49adf26\"><span class=\"fusion-toggle-icon-wrapper\" aria-hidden=\"true\"><i class=\"fa-fusion-box active-icon awb-icon-minus\" aria-hidden=\"true\"><\/i><i class=\"fa-fusion-box inactive-icon awb-icon-plus\" aria-hidden=\"true\"><\/i><\/span><span class=\"fusion-toggle-heading\">Responsabilit\u00e9 de The Mora Zanzibar \/ Prescription<\/span><\/a><\/h4><\/div><div id=\"a941a2e09c49adf26\" class=\"panel-collapse collapse \" aria-labelledby=\"toggle_a941a2e09c49adf26\"><div class=\"panel-body toggle-content fusion-clearfix\">\n<ol>\n<li>Toute responsabilit\u00e9 est exclue, sauf dans les cas suivants :\n<ul>\n<li>Violation d\u2019obligation contractuelle essentielle entra\u00eenant un dommage typique pr\u00e9visible.<\/li>\n<li>Atteinte \u00e0 la vie, au corps ou \u00e0 la sant\u00e9 due \u00e0 une n\u00e9gligence.<\/li>\n<li>Faute intentionnelle ou n\u00e9gligence grave.<\/li>\n<li>Responsabilit\u00e9 produit.<\/li>\n<\/ul>\n<\/li>\n<li>\u00a0Cette limitation s\u2019applique \u00e9galement aux repr\u00e9sentants, salari\u00e9s et auxiliaires.<\/li>\n<li>Le Client doit signaler imm\u00e9diatement tout d\u00e9faut.<\/li>\n<li>Aucun contrat de d\u00e9p\u00f4t n\u2019est \u00e9tabli pour les v\u00e9hicules sur le parking. Aucune responsabilit\u00e9 n\u2019est accept\u00e9e pour vol ou dommage.<\/li>\n<li>Les objets oubli\u00e9s sont renvoy\u00e9s sur demande, aux frais et risques du Client. L\u2019h\u00f4tel les conserve un temps raisonnable, puis les traite conform\u00e9ment \u00e0 la r\u00e9glementation locale.<\/li>\n<li>Toute r\u00e9clamation expire selon le d\u00e9lai l\u00e9gal local \u00e0 partir de la fin de l\u2019ann\u00e9e civile o\u00f9 elle a pris naissance, sauf en cas de dommage corporel ou de n\u00e9gligence grave.<\/li>\n<\/ol>\n<\/div><\/div><\/div><div class=\"fusion-panel panel-default panel-193102fa784d0b06d fusion-toggle-has-divider\" style=\"--awb-title-color:var(--awb-color8);--awb-content-color:var(--awb-color8);\"><div class=\"panel-heading\"><h4 class=\"panel-title toggle\" id=\"toggle_193102fa784d0b06d\"><a aria-expanded=\"false\" aria-controls=\"193102fa784d0b06d\" role=\"button\" data-toggle=\"collapse\" data-parent=\"#accordion-10387-1\" data-target=\"#193102fa784d0b06d\" href=\"#193102fa784d0b06d\"><span class=\"fusion-toggle-icon-wrapper\" aria-hidden=\"true\"><i class=\"fa-fusion-box active-icon awb-icon-minus\" aria-hidden=\"true\"><\/i><i class=\"fa-fusion-box inactive-icon awb-icon-plus\" aria-hidden=\"true\"><\/i><\/span><span class=\"fusion-toggle-heading\">Droit applicable<\/span><\/a><\/h4><\/div><div id=\"193102fa784d0b06d\" class=\"panel-collapse collapse \" aria-labelledby=\"toggle_193102fa784d0b06d\"><div class=\"panel-body toggle-content fusion-clearfix\">\n<p>Le droit applicable est celui de Zanzibar, Tanzanie. Le lieu de juridiction pour les litiges commerciaux est celui de The Mora Zanzibar.<\/p>\n<\/div><\/div><\/div><\/div><\/div><\/div><\/div><\/div><\/div>\n","protected":false},"excerpt":{"rendered":"","protected":false},"author":7,"featured_media":0,"parent":0,"menu_order":0,"comment_status":"closed","ping_status":"closed","template":"100-width.php","meta":{"footnotes":""},"class_list":["post-10387","page","type-page","status-publish","hentry"],"_links":{"self":[{"href":"https:\/\/www.themora.com\/fr\/wp-json\/wp\/v2\/pages\/10387","targetHints":{"allow":["GET"]}}],"collection":[{"href":"https:\/\/www.themora.com\/fr\/wp-json\/wp\/v2\/pages"}],"about":[{"href":"https:\/\/www.themora.com\/fr\/wp-json\/wp\/v2\/types\/page"}],"author":[{"embeddable":true,"href":"https:\/\/www.themora.com\/fr\/wp-json\/wp\/v2\/users\/7"}],"replies":[{"embeddable":true,"href":"https:\/\/www.themora.com\/fr\/wp-json\/wp\/v2\/comments?post=10387"}],"version-history":[{"count":1,"href":"https:\/\/www.themora.com\/fr\/wp-json\/wp\/v2\/pages\/10387\/revisions"}],"predecessor-version":[{"id":10388,"href":"https:\/\/www.themora.com\/fr\/wp-json\/wp\/v2\/pages\/10387\/revisions\/10388"}],"wp:attachment":[{"href":"https:\/\/www.themora.com\/fr\/wp-json\/wp\/v2\/media?parent=10387"}],"curies":[{"name":"wp","href":"https:\/\/api.w.org\/{rel}","templated":true}]}}