{"id":8388,"date":"2024-09-30T22:54:35","date_gmt":"2024-09-30T20:54:35","guid":{"rendered":"https:\/\/www.themora.com\/?page_id=8388"},"modified":"2025-04-22T14:00:01","modified_gmt":"2025-04-22T12:00:01","slug":"mora-moja-de","status":"publish","type":"page","link":"https:\/\/www.themora.com\/de\/angebote\/mora-moja-de\/","title":{"rendered":"Mora Moja"},"content":{"rendered":"<div class=\"fusion-fullwidth fullwidth-box fusion-builder-row-1 fusion-flex-container has-pattern-background has-mask-background nonhundred-percent-fullwidth non-hundred-percent-height-scrolling\" style=\"--awb-border-radius-top-left:0px;--awb-border-radius-top-right:0px;--awb-border-radius-bottom-right:0px;--awb-border-radius-bottom-left:0px;--awb-padding-top:100px;--awb-background-color:var(--awb-color6);--awb-flex-wrap:wrap;\" ><div class=\"fusion-builder-row fusion-row fusion-flex-align-items-flex-start fusion-flex-content-wrap\" style=\"max-width:1248px;margin-left: calc(-4% \/ 2 );margin-right: calc(-4% \/ 2 );\"><div class=\"fusion-layout-column fusion_builder_column fusion-builder-column-0 fusion_builder_column_1_1 1_1 fusion-flex-column\" style=\"--awb-padding-bottom:30px;--awb-bg-size:cover;--awb-width-large:100%;--awb-margin-top-large:0px;--awb-spacing-right-large:1.92%;--awb-margin-bottom-large:20px;--awb-spacing-left-large:1.92%;--awb-width-medium:100%;--awb-order-medium:0;--awb-spacing-right-medium:1.92%;--awb-spacing-left-medium:1.92%;--awb-width-small:100%;--awb-order-small:0;--awb-spacing-right-small:1.92%;--awb-spacing-left-small:1.92%;\" data-scroll-devices=\"small-visibility,medium-visibility,large-visibility\"><div class=\"fusion-column-wrapper fusion-column-has-shadow fusion-flex-justify-content-flex-start fusion-content-layout-column\"><div class=\"fusion-text fusion-text-1\"><h1 style=\"text-align: center;\">Mora Moja Sale<\/h1>\n<\/div><div class=\"fusion-text fusion-text-2\"><p style=\"text-align: center;\"><span style=\"font-weight: 400;\">Feiern Sie mit uns den ersten Jahrestag von The Mora Zanzibar mit unserem exklusiven Mora Moja Angebot. \u201eMoja\u201c bedeutet 1 auf Suaheli und markiert unser erstes erfolgreiches Jahr. Nutzen Sie den gro\u00dfz\u00fcgigen Rabatt von 30\u00a0% auf Aufenthalte im Juni 2025, bei einem Mindestaufenthalt von drei N\u00e4chten. Erleben Sie den Luxus und die Ruhe unseres Resorts mit seinen wundersch\u00f6n eingerichteten Suiten, den erstklassigen Annehmlichkeiten und dem au\u00dfergew\u00f6hnlichen Service. Dies ist die perfekte Gelegenheit, die Gastfreundschaft des The Mora Zanzibar von seiner besten Seite zu erleben.<\/span><\/p>\n<\/div><div class=\"fusion-builder-row fusion-builder-row-inner fusion-row fusion-flex-align-items-flex-start fusion-flex-content-wrap\" style=\"--awb-flex-grow:0;--awb-flex-grow-medium:0;--awb-flex-grow-small:0;--awb-flex-shrink:0;--awb-flex-shrink-medium:0;--awb-flex-shrink-small:0;width:104% !important;max-width:104% !important;margin-left: calc(-4% \/ 2 );margin-right: calc(-4% \/ 2 );\"><div class=\"fusion-layout-column fusion_builder_column_inner fusion-builder-nested-column-0 fusion_builder_column_inner_1_1 1_1 fusion-flex-column\" style=\"--awb-bg-size:cover;--awb-width-large:100%;--awb-margin-top-large:0px;--awb-spacing-right-large:1.92%;--awb-margin-bottom-large:20px;--awb-spacing-left-large:1.92%;--awb-width-medium:100%;--awb-order-medium:0;--awb-spacing-right-medium:1.92%;--awb-spacing-left-medium:1.92%;--awb-width-small:100%;--awb-order-small:0;--awb-spacing-right-small:1.92%;--awb-spacing-left-small:1.92%;\"><div class=\"fusion-column-wrapper fusion-column-has-shadow fusion-flex-justify-content-flex-start fusion-content-layout-column\"><div class=\"fusion-image-element \" style=\"--awb-margin-top:30px;--awb-caption-title-font-family:var(--h2_typography-font-family);--awb-caption-title-font-weight:var(--h2_typography-font-weight);--awb-caption-title-font-style:var(--h2_typography-font-style);--awb-caption-title-size:var(--h2_typography-font-size);--awb-caption-title-transform:var(--h2_typography-text-transform);--awb-caption-title-line-height:var(--h2_typography-line-height);--awb-caption-title-letter-spacing:var(--h2_typography-letter-spacing);\"><span class=\" fusion-imageframe imageframe-none imageframe-1 hover-type-none\"><img decoding=\"async\" width=\"1466\" height=\"789\" title=\"mora-moja-promo-largeok\" src=\"https:\/\/www.themora.com\/wp-content\/uploads\/2025\/04\/mora-moja-promo-largeok.jpg\" class=\"img-responsive wp-image-10507\" srcset=\"https:\/\/www.themora.com\/wp-content\/uploads\/2025\/04\/mora-moja-promo-largeok-200x108.jpg 200w, https:\/\/www.themora.com\/wp-content\/uploads\/2025\/04\/mora-moja-promo-largeok-400x215.jpg 400w, https:\/\/www.themora.com\/wp-content\/uploads\/2025\/04\/mora-moja-promo-largeok-600x323.jpg 600w, https:\/\/www.themora.com\/wp-content\/uploads\/2025\/04\/mora-moja-promo-largeok-800x431.jpg 800w, https:\/\/www.themora.com\/wp-content\/uploads\/2025\/04\/mora-moja-promo-largeok-1200x646.jpg 1200w, https:\/\/www.themora.com\/wp-content\/uploads\/2025\/04\/mora-moja-promo-largeok.jpg 1466w\" sizes=\"(max-width: 640px) 100vw, 1200px\" alt=\"\"><\/span><\/div><\/div><\/div><\/div><div style=\"text-align:center;\"><a class=\"fusion-button button-flat fusion-button-default-size button-custom fusion-button-default button-1 fusion-button-default-span fusion-button-default-type\" style=\"--awb-margin-bottom:20px;--button_accent_color:var(--awb-color1);--button_accent_hover_color:var(--awb-color8);--button_border_hover_color:#dfdfdf;--button_gradient_top_color:var(--awb-color7);--button_gradient_bottom_color:var(--awb-color7);--button_gradient_top_color_hover:#dfdfdf;--button_gradient_bottom_color_hover:#dfdfdf;\" target=\"_self\" href=\"https:\/\/reservations.themora.com\/?adult=2&amp;arrive=2025-06-01&amp;chain=28165&amp;child=0&amp;currency=EUR&amp;depart=2025-06-04&amp;hotel=45447&amp;level=hotel&amp;productcurrency=USD&amp;promo=MOJA&amp;rooms=1&amp;locale=de-DE\" rel=\"noopener\"><span class=\"fusion-button-text awb-button__text awb-button__text--default\">Mora Moja Sale!<\/span><\/a><\/div><div class=\"fusion-text fusion-text-3\"><p style=\"text-align: center;\">Mindestaufenthalt: 3 N\u00e4chte<\/p>\n<p style=\"text-align: center;\">Rabatt: 30 % Rabatt<\/p>\n<p class=\"\" style=\"text-align: center;\" data-start=\"406\" data-end=\"463\"><strong data-start=\"406\" data-end=\"430\">Aufenthaltszeitraum:<\/strong> 1. Juni 2025 bis 30. Juni 2025<\/p>\n<p class=\"\" style=\"text-align: center;\" data-start=\"466\" data-end=\"505\"><strong data-start=\"466\" data-end=\"478\">Buchbar:<\/strong> 1. April bis 27. Juni 2025<\/p>\n<\/div><div class=\"fusion-text fusion-text-4\"><p style=\"text-align: center;\"><strong>Stornierungsbedingungen:<\/strong><\/p>\n<p style=\"text-align: center;\">Diese Reservierung ist nicht \u00e4nderbar und nicht erstattungsf\u00e4hig. Sollten Sie versuchen, die Reservierung zu \u00e4ndern, zu stornieren oder einfach nicht anreisen, wird keine R\u00fcckerstattung gew\u00e4hrt.<\/p>\n<\/div><div class=\"fusion-text fusion-text-5\"><div class=\"group\/conversation-turn relative flex w-full min-w-0 flex-col agent-turn\">\n<div class=\"flex-col gap-1 md:gap-3\">\n<div class=\"flex max-w-full flex-col flex-grow\">\n<div class=\"min-h-8 text-message flex w-full flex-col items-end gap-2 whitespace-normal break-words &#091;.text-message+&amp;&#093;:mt-5\" dir=\"auto\" data-message-author-role=\"assistant\" data-message-id=\"2e909a04-d31d-45df-b0ef-5c1a6efeaef3\">\n<div class=\"flex w-full flex-col gap-1 empty:hidden first:pt-&#091;3px&#093;\">\n<div class=\"markdown prose w-full break-words dark:prose-invert light\">\n<p style=\"text-align: center;\"><strong>Zahlungsbedingungen:<\/strong><\/p>\n<p style=\"text-align: center;\">F\u00fcr diese Reservierung ist eine vollst\u00e4ndige Vorauszahlung f\u00fcr den gesamten Aufenthalt erforderlich, die der angegebenen Karte belastet wird.<\/p>\n<p style=\"text-align: center;\">Der Preis unterliegt einer obligatorischen Infrastruktursteuer von 5 USD pro Person und Nacht, zahlbar im Hotel.<\/p>\n<\/div>\n<\/div>\n<\/div>\n<\/div>\n<\/div>\n<\/div>\n<\/div><\/div><\/div><\/div><\/div>\n","protected":false},"excerpt":{"rendered":"","protected":false},"author":5,"featured_media":0,"parent":10583,"menu_order":0,"comment_status":"closed","ping_status":"closed","template":"100-width.php","meta":{"footnotes":""},"class_list":["post-8388","page","type-page","status-publish","hentry"],"_links":{"self":[{"href":"https:\/\/www.themora.com\/de\/wp-json\/wp\/v2\/pages\/8388","targetHints":{"allow":["GET"]}}],"collection":[{"href":"https:\/\/www.themora.com\/de\/wp-json\/wp\/v2\/pages"}],"about":[{"href":"https:\/\/www.themora.com\/de\/wp-json\/wp\/v2\/types\/page"}],"author":[{"embeddable":true,"href":"https:\/\/www.themora.com\/de\/wp-json\/wp\/v2\/users\/5"}],"replies":[{"embeddable":true,"href":"https:\/\/www.themora.com\/de\/wp-json\/wp\/v2\/comments?post=8388"}],"version-history":[{"count":5,"href":"https:\/\/www.themora.com\/de\/wp-json\/wp\/v2\/pages\/8388\/revisions"}],"predecessor-version":[{"id":10690,"href":"https:\/\/www.themora.com\/de\/wp-json\/wp\/v2\/pages\/8388\/revisions\/10690"}],"up":[{"embeddable":true,"href":"https:\/\/www.themora.com\/de\/wp-json\/wp\/v2\/pages\/10583"}],"wp:attachment":[{"href":"https:\/\/www.themora.com\/de\/wp-json\/wp\/v2\/media?parent=8388"}],"curies":[{"name":"wp","href":"https:\/\/api.w.org\/{rel}","templated":true}]}}