{"id":8387,"date":"2024-09-30T22:51:51","date_gmt":"2024-09-30T20:51:51","guid":{"rendered":"https:\/\/www.themora.com\/?page_id=8387"},"modified":"2025-04-30T20:27:32","modified_gmt":"2025-04-30T18:27:32","slug":"festtagsfreude","status":"publish","type":"page","link":"https:\/\/www.themora.com\/de\/angebote\/festtagsfreude\/","title":{"rendered":"Festtagsfreude"},"content":{"rendered":"<div class=\"fusion-fullwidth fullwidth-box fusion-builder-row-1 fusion-flex-container has-pattern-background has-mask-background nonhundred-percent-fullwidth non-hundred-percent-height-scrolling\" style=\"--awb-border-radius-top-left:0px;--awb-border-radius-top-right:0px;--awb-border-radius-bottom-right:0px;--awb-border-radius-bottom-left:0px;--awb-padding-top:100px;--awb-background-color:var(--awb-color6);--awb-flex-wrap:wrap;\" ><div class=\"fusion-builder-row fusion-row fusion-flex-align-items-flex-start fusion-flex-content-wrap\" style=\"max-width:1248px;margin-left: calc(-4% \/ 2 );margin-right: calc(-4% \/ 2 );\"><div class=\"fusion-layout-column fusion_builder_column fusion-builder-column-0 fusion_builder_column_1_1 1_1 fusion-flex-column\" style=\"--awb-padding-bottom:30px;--awb-bg-size:cover;--awb-width-large:100%;--awb-margin-top-large:0px;--awb-spacing-right-large:1.92%;--awb-margin-bottom-large:20px;--awb-spacing-left-large:1.92%;--awb-width-medium:100%;--awb-order-medium:0;--awb-spacing-right-medium:1.92%;--awb-spacing-left-medium:1.92%;--awb-width-small:100%;--awb-order-small:0;--awb-spacing-right-small:1.92%;--awb-spacing-left-small:1.92%;\" data-scroll-devices=\"small-visibility,medium-visibility,large-visibility\"><div class=\"fusion-column-wrapper fusion-column-has-shadow fusion-flex-justify-content-flex-start fusion-content-layout-column\"><div class=\"fusion-text fusion-text-1\"><h1>Festtagsfreude<\/h1>\n<\/div><div class=\"fusion-text fusion-text-2\"><p style=\"text-align: center;\"><span style=\"font-weight: 400;\">Erleben Sie den Zauber der Festtage im The Mora Zanzibar mit unserem speziellen Angebot zum Jahresende. Wenn Sie vor dem 31. Oktober buchen, erhalten Sie 20% Rabatt auf Ihren Aufenthalt. Tauchen Sie ein in eine Urlaubsatmosph\u00e4re mit festlichen Aktivit\u00e4ten, luxuri\u00f6sen Unterk\u00fcnften und erstklassigem Service. Ob Sie der Winterk\u00e4lte entfliehen oder neue Urlaubstraditionen einf\u00fchren m\u00f6chten, The Mora Zanzibar bietet den perfekten Rahmen f\u00fcr einen festlichen R\u00fcckzug<\/span><\/p>\n<\/div><div class=\"fusion-image-element \" style=\"--awb-aspect-ratio:21 \/ 9;--awb-object-position:24% 57%;--awb-margin-bottom:20px;--awb-caption-title-font-family:var(--h2_typography-font-family);--awb-caption-title-font-weight:var(--h2_typography-font-weight);--awb-caption-title-font-style:var(--h2_typography-font-style);--awb-caption-title-size:var(--h2_typography-font-size);--awb-caption-title-transform:var(--h2_typography-text-transform);--awb-caption-title-line-height:var(--h2_typography-line-height);--awb-caption-title-letter-spacing:var(--h2_typography-letter-spacing);\"><span class=\" fusion-imageframe imageframe-none imageframe-1 hover-type-none has-aspect-ratio\"><img decoding=\"async\" width=\"300\" height=\"200\" alt=\"znz012024 ac132612097 tm zanzibar the mora zanzibar side hotel view scaled\" title=\"znz012024 ac132612097 tm zanzibar the mora zanzibar side hotel view scaled\" src=\"https:\/\/www.themora.com\/wp-content\/uploads\/2024\/07\/znz012024_-ac132612097_tm_zanzibar_the-mora-zanzibar_side_hotel_view-300x200.jpg\" class=\"img-responsive wp-image-12989 img-with-aspect-ratio\" data-parent-fit=\"cover\" data-parent-container=\".fusion-image-element\" srcset=\"https:\/\/www.themora.com\/wp-content\/uploads\/2024\/07\/znz012024_-ac132612097_tm_zanzibar_the-mora-zanzibar_side_hotel_view-200x133.jpg 200w, https:\/\/www.themora.com\/wp-content\/uploads\/2024\/07\/znz012024_-ac132612097_tm_zanzibar_the-mora-zanzibar_side_hotel_view-400x267.jpg 400w, https:\/\/www.themora.com\/wp-content\/uploads\/2024\/07\/znz012024_-ac132612097_tm_zanzibar_the-mora-zanzibar_side_hotel_view-600x400.jpg 600w, https:\/\/www.themora.com\/wp-content\/uploads\/2024\/07\/znz012024_-ac132612097_tm_zanzibar_the-mora-zanzibar_side_hotel_view-800x533.jpg 800w, https:\/\/www.themora.com\/wp-content\/uploads\/2024\/07\/znz012024_-ac132612097_tm_zanzibar_the-mora-zanzibar_side_hotel_view-1200x800.jpg 1200w\" sizes=\"(max-width: 640px) 100vw, 1200px\" \/><\/span><\/div><div style=\"text-align:center;\"><a class=\"fusion-button button-flat fusion-button-default-size button-custom fusion-button-default button-1 fusion-button-default-span fusion-button-default-type\" style=\"--awb-margin-top:30px;--awb-margin-bottom:20px;--button_accent_color:var(--awb-color1);--button_accent_hover_color:var(--awb-color8);--button_border_hover_color:#dfdfdf;--button_gradient_top_color:var(--awb-color7);--button_gradient_bottom_color:var(--awb-color7);--button_gradient_top_color_hover:#dfdfdf;--button_gradient_bottom_color_hover:#dfdfdf;\" target=\"_self\" href=\"https:\/\/reservations.themora.com\/?Hotel=45447&amp;Chain=28165&amp;locale=de-DE&amp;arrive=2024-12-23&amp;depart=2025-01-09&amp;adult=2&amp;child=0&amp;currency=EUR&amp;promo=FESTIVE\" rel=\"noopener\"><span class=\"fusion-button-text awb-button__text awb-button__text--default\">Buchen Sie Ihren Weihnachtsurlaub vor dem 31. Oktober und sparen Sie!<\/span><\/a><\/div><div class=\"fusion-text fusion-text-3\"><p style=\"text-align: center;\">Mindestaufenthalt: 5 N\u00e4chte<\/p>\n<p style=\"text-align: center;\">Buchung bis: 31. Oktober<\/p>\n<p style=\"text-align: center;\">Festliche Saisonfreude<\/p>\n<p style=\"text-align: center;\">Rabatt: 20 % Rabatt auf BAR<\/p>\n<p style=\"text-align: center;\">Buchungszeitraum: bis zu 7 Tage vor Ankunft<\/p>\n<p style=\"text-align: center;\">Aufenthaltsdaten: 21. Dezember bis 9. Januar 25<\/p>\n<p style=\"text-align: center;\">Buchbar: Juni 24 bis 31. Oktober 24<\/p>\n<\/div><div class=\"fusion-text fusion-text-4\"><p style=\"text-align: center;\"><strong>Stornierungsbedingungen:<\/strong><\/p>\n<p style=\"text-align: center;\">Diese Reservierung ist nicht \u00e4nderbar und nicht erstattungsf\u00e4hig. Sollten Sie versuchen, die Reservierung zu \u00e4ndern, zu stornieren oder einfach nicht anreisen, wird keine R\u00fcckerstattung gew\u00e4hrt.<\/p>\n<\/div><div class=\"fusion-text fusion-text-5\"><p style=\"text-align: center;\"><strong>Zahlungsbedingungen:<\/strong><\/p>\n<p style=\"text-align: center;\">F\u00fcr diese Reservierung ist eine vollst\u00e4ndige Vorauszahlung f\u00fcr den gesamten Aufenthalt erforderlich, die der angegebenen Karte belastet wird.<\/p>\n<p style=\"text-align: center;\">Der Preis unterliegt einer obligatorischen Infrastruktursteuer von 5 USD pro Person und Nacht, zahlbar im Hotel.<\/p>\n<\/div><\/div><\/div><\/div><\/div>\n","protected":false},"excerpt":{"rendered":"","protected":false},"author":5,"featured_media":0,"parent":10583,"menu_order":0,"comment_status":"closed","ping_status":"closed","template":"100-width.php","meta":{"footnotes":""},"class_list":["post-8387","page","type-page","status-publish","hentry"],"_links":{"self":[{"href":"https:\/\/www.themora.com\/de\/wp-json\/wp\/v2\/pages\/8387","targetHints":{"allow":["GET"]}}],"collection":[{"href":"https:\/\/www.themora.com\/de\/wp-json\/wp\/v2\/pages"}],"about":[{"href":"https:\/\/www.themora.com\/de\/wp-json\/wp\/v2\/types\/page"}],"author":[{"embeddable":true,"href":"https:\/\/www.themora.com\/de\/wp-json\/wp\/v2\/users\/5"}],"replies":[{"embeddable":true,"href":"https:\/\/www.themora.com\/de\/wp-json\/wp\/v2\/comments?post=8387"}],"version-history":[{"count":3,"href":"https:\/\/www.themora.com\/de\/wp-json\/wp\/v2\/pages\/8387\/revisions"}],"predecessor-version":[{"id":10656,"href":"https:\/\/www.themora.com\/de\/wp-json\/wp\/v2\/pages\/8387\/revisions\/10656"}],"up":[{"embeddable":true,"href":"https:\/\/www.themora.com\/de\/wp-json\/wp\/v2\/pages\/10583"}],"wp:attachment":[{"href":"https:\/\/www.themora.com\/de\/wp-json\/wp\/v2\/media?parent=8387"}],"curies":[{"name":"wp","href":"https:\/\/api.w.org\/{rel}","templated":true}]}}