{"id":8369,"date":"2023-08-17T16:25:56","date_gmt":"2023-08-17T14:25:56","guid":{"rendered":"https:\/\/www.themora.com\/?page_id=8369"},"modified":"2025-08-20T10:16:10","modified_gmt":"2025-08-20T08:16:10","slug":"cookie-richtlinie","status":"publish","type":"page","link":"https:\/\/www.themora.com\/de\/cookie-richtlinie\/","title":{"rendered":"Cookie-Richtlinie"},"content":{"rendered":"<div class=\"fusion-fullwidth fullwidth-box fusion-builder-row-1 fusion-flex-container has-pattern-background has-mask-background nonhundred-percent-fullwidth non-hundred-percent-height-scrolling\" style=\"--awb-border-radius-top-left:0px;--awb-border-radius-top-right:0px;--awb-border-radius-bottom-right:0px;--awb-border-radius-bottom-left:0px;--awb-padding-top:180px;--awb-background-color:var(--awb-color6);--awb-flex-wrap:wrap;\" ><div class=\"fusion-builder-row fusion-row fusion-flex-align-items-flex-start fusion-flex-content-wrap\" style=\"max-width:1248px;margin-left: calc(-4% \/ 2 );margin-right: calc(-4% \/ 2 );\"><div class=\"fusion-layout-column fusion_builder_column fusion-builder-column-0 fusion_builder_column_1_1 1_1 fusion-flex-column\" style=\"--awb-bg-size:cover;--awb-width-large:100%;--awb-margin-top-large:0px;--awb-spacing-right-large:1.92%;--awb-margin-bottom-large:0px;--awb-spacing-left-large:1.92%;--awb-width-medium:100%;--awb-spacing-right-medium:1.92%;--awb-spacing-left-medium:1.92%;--awb-width-small:100%;--awb-spacing-right-small:1.92%;--awb-spacing-left-small:1.92%;\"><div class=\"fusion-column-wrapper fusion-flex-justify-content-flex-start fusion-content-layout-column\"><div class=\"fusion-text fusion-text-1\" style=\"--awb-text-color:var(--awb-color8);\"><div id=\"cmplz-document\" class=\"cmplz-document cmplz-cookie-statement\">\n<div class=\"fusion-title title fusion-title-1 fusion-sep-none fusion-title-text fusion-title-size-one\">\n<h1 class=\"fusion-title-heading title-heading-left\" style=\"margin: 0;\">Cookie-Richtlinie<\/h1>\n<\/div>\n<p>Diese Cookie-Richtlinie wurde zuletzt am 28. Februar 2024 aktualisiert und gilt f\u00fcr B\u00fcrger und Einwohner mit st\u00e4ndigem Wohnsitz im Europ\u00e4ischen Wirtschaftsraum und der Schweiz.<\/p>\n<h2>1. Einf\u00fchrung<\/h2>\n<p>Unsere Website, <a href=\"https:\/\/www.themora.com\/de\/\">https:\/\/www.themora.com<\/a> (im Folgenden: \u201edie Website\u201c), verwendet Cookies und \u00e4hnliche Technologien (der Einfachheit halber werden all diese Technologien als \u201eCookies\u201c bezeichnet). Cookies werden au\u00dferdem von beauftragten Drittparteien platziert. Im nachstehenden Dokument informieren wir Sie \u00fcber die Verwendung von Cookies auf unserer Website.<\/p>\n<h2>2. Was sind Cookies?<\/h2>\n<p>Ein Cookie ist eine kleine einfache Datei, die gemeinsam mit den Seiten dieser Website versendet und von Ihrem Browser auf der Festplatte Ihres Computers oder eines anderen Ger\u00e4ts gespeichert wird. Die darin gespeicherten Informationen k\u00f6nnen bei einem sp\u00e4teren Besuch an unsere Server oder die Server der betreffenden Dritten zur\u00fcckgesendet werden.<\/p>\n<h2>3. Was sind Skripte?<\/h2>\n<p>Ein Skript ist ein Programmcode, der benutzt wird, um unserer Website Funktionalit\u00e4t und Interaktivit\u00e4t bereitzustellen. Dieser Code wird auf unserem Server oder auf Ihrem Ger\u00e4t ausgef\u00fchrt.<\/p>\n<h2>4. Was ist ein Web-Beacon?<\/h2>\n<p>Ein Web-Beacon (oder Pixel-Tag) ist ein kleines unsichtbares St\u00fcck Text oder Bild auf einer Website, das dazu dient, den Verkehr auf einer Website zu \u00fcberwachen. Um dies zu erm\u00f6glichen, werden verschiedene Daten von Ihnen mittels Web-Beacons gespeichert.<\/p>\n<h2>5. Cookies<\/h2>\n<h3>5.1 Technische oder funktionale Cookies<\/h3>\n<p>Einige Cookies stellen sicher, dass Teile der Website korrekt funktionieren und Ihre Benutzereinstellungen bekannt bleiben. Durch das Platzieren funktionaler Cookies machen wir es Ihnen einfacher, unsere Website zu besuchen. Auf diese Weise m\u00fcssen Sie nicht wiederholt dieselben Informationen eingeben, und die Website bleibt auf die von Ihnen gew\u00fcnschten Einstellungen abgestimmt. Wir d\u00fcrfen diese Cookies ohne Ihre Zustimmung platzieren.<\/p>\n<h3>5.2 Statistik-Cookies<\/h3>\n<p>Wir verwenden Statistik-Cookies, um die Nutzung der Website f\u00fcr unsere Besucher zu optimieren. Mit diesen Statistik-Cookies erhalten wir Einblicke in die Nutzung unserer Website. Wir bitten Sie um Erlaubnis, Statistik-Cookies zu platzieren.<\/p>\n<h3>5.3 Werbe-Cookies<\/h3>\n<p>Wir verwenden Werbe-Cookies, um Informationen \u00fcber Kampagnenergebnisse zu sammeln. Dies geschieht basierend auf einem eindeutigen Pseudonym, das Ihnen zugewiesen wird, ohne Sie als Person zu identifizieren.<\/p>\n<h3>5.4 Marketing-\/Tracking-Cookies<\/h3>\n<p>Marketing-\/Tracking-Cookies sind Cookies oder andere Formen der lokalen Speicherung, die verwendet werden, um Benutzerprofile zu erstellen, um Werbung anzuzeigen oder den Benutzer auf dieser Website oder \u00fcber mehrere Websites hinweg f\u00fcr \u00e4hnliche Marketingzwecke zu verfolgen.<\/p>\n<h3>5.5 Soziale-Medien-Schaltfl\u00e4chen<\/h3>\n<p>Auf unserer Website haben wir Schaltfl\u00e4chen f\u00fcr Facebook, Twitter und Instagram eingebunden, um Webseiten (z. B. \u201eGef\u00e4llt mir\u201c, \u201ePinnen\u201c) oder Inhalte in sozialen Netzwerken zu teilen. Diese Schaltfl\u00e4chen funktionieren mit Codes, die von Facebook, Twitter und Instagram selbst stammen. Dieser Code platziert Cookies. Diese Social-Media-Schaltfl\u00e4chen k\u00f6nnen auch bestimmte Informationen speichern und verarbeiten, damit Ihnen personalisierte Werbung angezeigt werden kann. Lesen Sie bitte die Datenschutzerkl\u00e4rung dieser sozialen Netzwerke (die sich regelm\u00e4\u00dfig \u00e4ndern kann), um zu erfahren, was mit Ihren (personenbezogenen) Daten geschieht, die sie mithilfe dieser Cookies verarbeiten. Die abgerufenen Daten werden so weit wie m\u00f6glich anonymisiert. Facebook, Twitter und Instagram haben ihren Sitz in den Vereinigten Staaten.<\/p>\n<h2>6. Platzierte Cookies<\/h2>\n<details>\n<summary><b>WordPress<\/b><\/summary>\n<p>Wir verwenden WordPress f\u00fcr die Website-Entwicklung.<\/p>\n<p><strong>Weitergabe von Daten:<\/strong> Diese Daten werden nicht an Dritte weitergegeben.<\/p>\n<table>\n<thead>\n<tr>\n<th>Name<\/th>\n<th>Ablauf<\/th>\n<th>Funktion<\/th>\n<\/tr>\n<\/thead>\n<tbody>\n<tr>\n<td>wpEmojiSettingsSupports<\/td>\n<td>Sitzung<\/td>\n<td>Browserdetails speichern<\/td>\n<\/tr>\n<tr>\n<td>wordpress_test_cookie<\/td>\n<td>Sitzung<\/td>\n<td>Pr\u00fcfen, ob Cookies gesetzt werden k\u00f6nnen<\/td>\n<\/tr>\n<tr>\n<td>wp-settings-*<\/td>\n<td>dau\u00aderhaft<\/td>\n<td>Benutzereinstellungen speichern<\/td>\n<\/tr>\n<tr>\n<td>wp-settings-time-*<\/td>\n<td>1 Jahr<\/td>\n<td>Benutzereinstellungen speichern<\/td>\n<\/tr>\n<tr>\n<td>wordpress_logged_in_*<\/td>\n<td>dau\u00aderhaft<\/td>\n<td>Angemeldete Benutzer speichern<\/td>\n<\/tr>\n<\/tbody>\n<\/table>\n<\/details>\n<details>\n<summary><b>Google Analytics<\/b><\/summary>\n<p>Wir verwenden Google Analytics f\u00fcr Website-Statistiken.<\/p>\n<p><strong>Weitergabe von Daten:<\/strong> F\u00fcr weitere Informationen siehe die <a href=\"https:\/\/policies.google.com\/privacy\" target=\"_blank\" rel=\"noopener\">Google-Datenschutzerkl\u00e4rung<\/a>.<\/p>\n<table>\n<thead>\n<tr>\n<th>Name<\/th>\n<th>Ablauf<\/th>\n<th>Funktion<\/th>\n<\/tr>\n<\/thead>\n<tbody>\n<tr>\n<td>_ga<\/td>\n<td>2 Jahre<\/td>\n<td>Seitenaufrufe speichern und z\u00e4hlen<\/td>\n<\/tr>\n<tr>\n<td>_ga_*<\/td>\n<td>1 Jahr<\/td>\n<td>Seitenaufrufe speichern und z\u00e4hlen<\/td>\n<\/tr>\n<\/tbody>\n<\/table>\n<\/details>\n<details>\n<summary><b>Hotjar<\/b><\/summary>\n<p>Wir verwenden Hotjar f\u00fcr Website-Analysen.<\/p>\n<p><strong>Weitergabe von Daten:<\/strong> F\u00fcr weitere Informationen siehe die <a href=\"https:\/\/help.hotjar.com\/hc\/en-us\/articles\/115011789248-Hotjar-Cookies\" target=\"_blank\" rel=\"noopener\">Hotjar-Cookie-Richtlinie<\/a>.<\/p>\n<table>\n<thead>\n<tr>\n<th>Name<\/th>\n<th>Ablauf<\/th>\n<th>Funktion<\/th>\n<\/tr>\n<\/thead>\n<tbody>\n<tr>\n<td>_hjSession_*<\/td>\n<td>Sitzung<\/td>\n<td>Funktionen \u00fcber mehrere Seiten bereitstellen<\/td>\n<\/tr>\n<tr>\n<td>_hjSessionUser_*<\/td>\n<td>1 Jahr<\/td>\n<td>Eindeutige Benutzer-ID speichern<\/td>\n<\/tr>\n<\/tbody>\n<\/table>\n<\/details>\n<details>\n<summary><b>Facebook<\/b><\/summary>\n<p>Wir verwenden Facebook f\u00fcr Werbung und Social-Media-Integration.<\/p>\n<p><strong>Weitergabe von Daten:<\/strong> F\u00fcr weitere Informationen siehe die <a href=\"https:\/\/www.facebook.com\/policies\/cookies\" target=\"_blank\" rel=\"noopener\">Facebook-Cookie-Richtlinie<\/a>.<\/p>\n<table>\n<thead>\n<tr>\n<th>Name<\/th>\n<th>Ablauf<\/th>\n<th>Funktion<\/th>\n<\/tr>\n<\/thead>\n<tbody>\n<tr>\n<td>_fbc<\/td>\n<td>2 Jahre<\/td>\n<td>Letzten Besuch speichern<\/td>\n<\/tr>\n<tr>\n<td>fbm*<\/td>\n<td>1 Jahr<\/td>\n<td>Kontodetails speichern<\/td>\n<\/tr>\n<tr>\n<td>xs<\/td>\n<td>3 Monate<\/td>\n<td>Eindeutige Sitzungs-ID speichern<\/td>\n<\/tr>\n<tr>\n<td>fr<\/td>\n<td>3 Monate<\/td>\n<td>Anzeigenauslieferung oder Retargeting erm\u00f6glichen<\/td>\n<\/tr>\n<tr>\n<td>act<\/td>\n<td>90 Tage<\/td>\n<td>Angemeldete Benutzer speichern<\/td>\n<\/tr>\n<tr>\n<td>_fbp<\/td>\n<td>3 Monate<\/td>\n<td>Besuche \u00fcber verschiedene Websites speichern und verfolgen<\/td>\n<\/tr>\n<tr>\n<td>datr<\/td>\n<td>2 Jahre<\/td>\n<td>Betrugspr\u00e4vention erm\u00f6glichen<\/td>\n<\/tr>\n<tr>\n<td>c_user<\/td>\n<td>30 Tage<\/td>\n<td>Eindeutige Benutzer-ID speichern<\/td>\n<\/tr>\n<tr>\n<td>sb<\/td>\n<td>2 Jahre<\/td>\n<td>Browserdetails speichern<\/td>\n<\/tr>\n<tr>\n<td>*_fbm_<\/td>\n<td>1 Jahr<\/td>\n<td>Kontodetails speichern<\/td>\n<\/tr>\n<tr>\n<td>wd<\/td>\n<td>1 Woche<\/td>\n<td>Bildschirmaufl\u00f6sung auslesen<\/td>\n<\/tr>\n<tr>\n<td>csm<\/td>\n<td>90 Tage<\/td>\n<td>Betrugspr\u00e4vention erm\u00f6glichen<\/td>\n<\/tr>\n<tr>\n<td>actppresence<\/td>\n<td>Sitzung<\/td>\n<td>Speichern und verfolgen, ob der Browser-Tab aktiv ist<\/td>\n<\/tr>\n<\/tbody>\n<\/table>\n<\/details>\n<details>\n<summary><b>Twitter<\/b><\/summary>\n<p>Wir verwenden Twitter f\u00fcr Social-Media-Integration.<\/p>\n<p><strong>Weitergabe von Daten:<\/strong> F\u00fcr weitere Informationen siehe die <a href=\"https:\/\/twitter.com\/en\/privacy\" target=\"_blank\" rel=\"noopener\">Twitter-Datenschutzerkl\u00e4rung<\/a>.<\/p>\n<table>\n<thead>\n<tr>\n<th>Name<\/th>\n<th>Ablauf<\/th>\n<th>Funktion<\/th>\n<\/tr>\n<\/thead>\n<tbody>\n<tr>\n<td>local_storage_support_test<\/td>\n<td>dau\u00aderhaft<\/td>\n<td>Lastenausgleich-Funktionalit\u00e4t bereitstellen<\/td>\n<\/tr>\n<tr>\n<td>metrics_token<\/td>\n<td>dau\u00aderhaft<\/td>\n<td>Speichern, ob der Benutzer eingebettete Inhalte gesehen hat<\/td>\n<\/tr>\n<\/tbody>\n<\/table>\n<\/details>\n<details>\n<summary><b>Verschiedenes<\/b><\/summary>\n<p>Diese Cookies werden f\u00fcr verschiedene Zwecke gesetzt.<\/p>\n<table>\n<thead>\n<tr>\n<th>Name<\/th>\n<th>Ablauf<\/th>\n<th>Funktion<\/th>\n<\/tr>\n<\/thead>\n<tbody>\n<tr>\n<td>rs_scrollvideo-notice<\/td>\n<td>Sitzung<\/td>\n<td>Beschreibung ausstehend<\/td>\n<\/tr>\n<tr>\n<td>rs_lottie-notice<\/td>\n<td>Sitzung<\/td>\n<td>Beschreibung ausstehend<\/td>\n<\/tr>\n<tr>\n<td>rs_transitionpack-notice<\/td>\n<td>Sitzung<\/td>\n<td>Beschreibung ausstehend<\/td>\n<\/tr>\n<tr>\n<td>rs_thecluster-notice<\/td>\n<td>Sitzung<\/td>\n<td>Beschreibung ausstehend<\/td>\n<\/tr>\n<tr>\n<td>rs-addon-notice<\/td>\n<td>Sitzung<\/td>\n<td>Beschreibung ausstehend<\/td>\n<\/tr>\n<tr>\n<td>rank-math-option-titles-index<\/td>\n<td>Sitzung<\/td>\n<td>Beschreibung ausstehend<\/td>\n<\/tr>\n<tr>\n<td>off_canvas_6977<\/td>\n<td>Sitzung<\/td>\n<td>Beschreibung ausstehend<\/td>\n<\/tr>\n<tr>\n<td>rank-math-option-sitemap-index<\/td>\n<td>Sitzung<\/td>\n<td>Beschreibung ausstehend<\/td>\n<\/tr>\n<tr>\n<td>lastExternalReferrer<\/td>\n<td>Sitzung<\/td>\n<td>Beschreibung ausstehend<\/td>\n<\/tr>\n<tr>\n<td>web-vitals-extension-metrics<\/td>\n<td>Sitzung<\/td>\n<td>Beschreibung ausstehend<\/td>\n<\/tr>\n<tr>\n<td>lastExternalReferrerTime<\/td>\n<td>Sitzung<\/td>\n<td>Beschreibung ausstehend<\/td>\n<\/tr>\n<tr>\n<td>fusionPanel<\/td>\n<td>Sitzung<\/td>\n<td>Beschreibung ausstehend<\/td>\n<\/tr>\n<tr>\n<td>rank-math-option-search-index<\/td>\n<td>Sitzung<\/td>\n<td>Beschreibung ausstehend<\/td>\n<\/tr>\n<tr>\n<td>rank-math-option-general-index<\/td>\n<td>Sitzung<\/td>\n<td>Beschreibung ausstehend<\/td>\n<\/tr>\n<tr>\n<td>cmplz_policy_id<\/td>\n<td>365 Tage<\/td>\n<td>Cookie-Richtlinie speichern<\/td>\n<\/tr>\n<tr>\n<td>cmplz_consented_services<\/td>\n<td>365 Tage<\/td>\n<td>Zugestimmte Dienste speichern<\/td>\n<\/tr>\n<tr>\n<td>cmplz_functional<\/td>\n<td>365 Tage<\/td>\n<td>Funktionale Pr\u00e4ferenzen speichern<\/td>\n<\/tr>\n<tr>\n<td>_gcl_au<\/td>\n<td>Sitzung<\/td>\n<td>Beschreibung ausstehend<\/td>\n<\/tr>\n<tr>\n<td>fusionredux_current_tab<\/td>\n<td>Sitzung<\/td>\n<td>Beschreibung ausstehend<\/td>\n<\/tr>\n<tr>\n<td>cmplz_marketing<\/td>\n<td>365 Tage<\/td>\n<td>Marketing-Pr\u00e4ferenzen speichern<\/td>\n<\/tr>\n<tr>\n<td>cmplz_statistics<\/td>\n<td>365 Tage<\/td>\n<td>Statistiken speichern<\/td>\n<\/tr>\n<tr>\n<td>cmplz_preferences<\/td>\n<td>365 Tage<\/td>\n<td>Benutzereinstellungen speichern<\/td>\n<\/tr>\n<tr>\n<td>cmplz_banner-status<\/td>\n<td>365 Tage<\/td>\n<td>Status des Cookie-Banners<\/td>\n<\/tr>\n<tr>\n<td>hjViewportId<\/td>\n<td>Sitzung<\/td>\n<td>Beschreibung ausstehend<\/td>\n<\/tr>\n<tr>\n<td>cmplz_marketing_accepted<\/td>\n<td>365 Tage<\/td>\n<td>Best\u00e4tigung der akzeptierten Marketing-Einstellungen<\/td>\n<\/tr>\n<tr>\n<td>cmplz_statistics_accepted<\/td>\n<td>365 Tage<\/td>\n<td>Best\u00e4tigung der akzeptierten Statistiken<\/td>\n<\/tr>\n<\/tbody>\n<\/table>\n<\/details>\n<h2>7. Zustimmung<\/h2>\n<p>Wenn Sie unsere Website zum ersten Mal besuchen, zeigen wir Ihnen ein Pop-up mit einer Erkl\u00e4rung zu Cookies. Sobald Sie auf \u201eEinstellungen speichern\u201c klicken, stimmen Sie der Verwendung der Kategorien von Cookies und Plug-ins zu, die Sie im Pop-up ausgew\u00e4hlt haben. Sie k\u00f6nnen die Verwendung von Cookies in Ihrem Browser deaktivieren, beachten Sie jedoch bitte, dass unsere Website dann m\u00f6glicherweise nicht richtig funktioniert.<\/p>\n<h2>8. Cookies aktivieren\/deaktivieren und l\u00f6schen<\/h2>\n<p>Sie k\u00f6nnen Ihren Internetbrowser verwenden, um Cookies automatisch oder manuell zu l\u00f6schen. Weitere Informationen finden Sie in den Anleitungen im Hilfebereich Ihres Browsers.<\/p>\n<h2>9. Ihre Rechte in Bezug auf personenbezogene Daten<\/h2>\n<p>Sie haben das Recht auf Auskunft, Berichtigung, L\u00f6schung oder Einschr\u00e4nkung der Verarbeitung Ihrer personenbezogenen Daten sowie das Recht auf Widerspruch. Kontaktieren Sie uns bitte, um diese Rechte auszu\u00fcben.<\/p>\n<h2>10. Kontaktdaten<\/h2>\n<p>F\u00fcr Fragen und\/oder Kommentare zu unserer Cookie-Richtlinie und dieser Erkl\u00e4rung kontaktieren Sie uns bitte \u00fcber die nachstehenden Kontaktdaten:<\/p>\n<p>TUI HOTEL BETRIEBSGESELLSCHAFT MBH<br \/>\nThe Mora<br \/>\nKarl-Wiechert-Allee 23<br \/>\nD-30625 Hannover<br \/>\nDeutschland<br \/>\nWebsite: <a href=\"https:\/\/www.themora.com\/de\/\">https:\/\/www.themora.com<\/a><br \/>\nEmail: info@themora.com<br \/>\nTelefon: +49 (0)511\/566-2500<\/p>\n<p>Diese Cookie-Richtlinie wurde mit <a href=\"https:\/\/cookiedatabase.org\/\" target=\"_blank\" rel=\"noopener\">cookiedatabase.org<\/a> am 2. Mai 2024 synchronisiert.<\/p>\n<\/div>\n<\/div><\/div><\/div><\/div><\/div>\n","protected":false},"excerpt":{"rendered":"","protected":false},"author":5,"featured_media":0,"parent":0,"menu_order":0,"comment_status":"closed","ping_status":"closed","template":"100-width.php","meta":{"footnotes":""},"class_list":["post-8369","page","type-page","status-publish","hentry"],"_links":{"self":[{"href":"https:\/\/www.themora.com\/de\/wp-json\/wp\/v2\/pages\/8369","targetHints":{"allow":["GET"]}}],"collection":[{"href":"https:\/\/www.themora.com\/de\/wp-json\/wp\/v2\/pages"}],"about":[{"href":"https:\/\/www.themora.com\/de\/wp-json\/wp\/v2\/types\/page"}],"author":[{"embeddable":true,"href":"https:\/\/www.themora.com\/de\/wp-json\/wp\/v2\/users\/5"}],"replies":[{"embeddable":true,"href":"https:\/\/www.themora.com\/de\/wp-json\/wp\/v2\/comments?post=8369"}],"version-history":[{"count":5,"href":"https:\/\/www.themora.com\/de\/wp-json\/wp\/v2\/pages\/8369\/revisions"}],"predecessor-version":[{"id":13368,"href":"https:\/\/www.themora.com\/de\/wp-json\/wp\/v2\/pages\/8369\/revisions\/13368"}],"wp:attachment":[{"href":"https:\/\/www.themora.com\/de\/wp-json\/wp\/v2\/media?parent=8369"}],"curies":[{"name":"wp","href":"https:\/\/api.w.org\/{rel}","templated":true}]}}