{"id":17232,"date":"2026-03-27T20:47:36","date_gmt":"2026-03-27T19:47:36","guid":{"rendered":"https:\/\/www.themora.com\/?page_id=17232"},"modified":"2026-04-07T09:55:49","modified_gmt":"2026-04-07T07:55:49","slug":"mora-sunshine-escape","status":"publish","type":"page","link":"https:\/\/www.themora.com\/de\/angebote\/mora-sunshine-escape\/","title":{"rendered":"Mora Sunshine Escape"},"content":{"rendered":"<div class=\"fusion-fullwidth fullwidth-box fusion-builder-row-1 fusion-flex-container has-pattern-background has-mask-background nonhundred-percent-fullwidth non-hundred-percent-height-scrolling\" style=\"--awb-border-radius-top-left:0px;--awb-border-radius-top-right:0px;--awb-border-radius-bottom-right:0px;--awb-border-radius-bottom-left:0px;--awb-padding-top:100px;--awb-padding-top-small:130px;--awb-background-color:var(--awb-color6);--awb-flex-wrap:wrap;\" ><div class=\"fusion-builder-row fusion-row fusion-flex-align-items-flex-start fusion-flex-content-wrap\" style=\"max-width:1248px;margin-left: calc(-4% \/ 2 );margin-right: calc(-4% \/ 2 );\"><div class=\"fusion-layout-column fusion_builder_column fusion-builder-column-0 fusion_builder_column_1_1 1_1 fusion-flex-column\" style=\"--awb-padding-bottom:30px;--awb-bg-size:cover;--awb-width-large:100%;--awb-margin-top-large:0px;--awb-spacing-right-large:1.92%;--awb-margin-bottom-large:20px;--awb-spacing-left-large:1.92%;--awb-width-medium:100%;--awb-order-medium:0;--awb-spacing-right-medium:1.92%;--awb-spacing-left-medium:1.92%;--awb-width-small:100%;--awb-order-small:0;--awb-spacing-right-small:1.92%;--awb-spacing-left-small:1.92%;\" data-scroll-devices=\"small-visibility,medium-visibility,large-visibility\"><div class=\"fusion-column-wrapper fusion-column-has-shadow fusion-flex-justify-content-flex-start fusion-content-layout-column\"><div class=\"fusion-text fusion-text-1\"><h1 style=\"text-align: center;\">Mora Sunshine Escape!<\/h1>\n<\/div><div class=\"fusion-text fusion-text-2\"><p style=\"text-align: center;\" data-start=\"3261\" data-end=\"3295\"><strong data-start=\"3261\" data-end=\"3295\">Die Sunshine-Angebote sind da!<\/strong><\/p>\n<p style=\"text-align: center;\" data-start=\"3297\" data-end=\"3423\">Buchen Sie Ihre Auszeit im <strong data-start=\"1511\" data-end=\"1532\">The Mora Zanzibar<\/strong> und sichern Sie sich <strong data-start=\"1554\" data-end=\"1576\">bis zu 30% Rabatt<\/strong> auf Ihren Aufenthalt f\u00fcr begrenzte Zeit.<\/p>\n<p style=\"text-align: center;\" data-start=\"3425\" data-end=\"3549\">Buchen Sie zwischen dem <strong data-start=\"3449\" data-end=\"3484\">1. April 2026 und 30. Juli 2026<\/strong> und \u00fcbernachten Sie vom <strong data-start=\"3509\" data-end=\"3548\">1. April 2026 bis 20. Dezember 2026<\/strong>.<\/p>\n<p style=\"text-align: center;\" data-start=\"3551\" data-end=\"3754\">Entspannen Sie an atemberaubenden Str\u00e4nden, genie\u00dfen Sie erstklassige Kulinarik und erleben Sie Barefoot Luxury wie nie zuvor.<br data-start=\"3677\" data-end=\"3680\" \/>Verpassen Sie dieses exklusive Sunshine-Angebot nicht \u2014 das Paradies ruft.<\/p>\n<\/div><div class=\"fusion-image-element \" style=\"text-align:center;--awb-margin-bottom:20px;--awb-caption-title-font-family:var(--h2_typography-font-family);--awb-caption-title-font-weight:var(--h2_typography-font-weight);--awb-caption-title-font-style:var(--h2_typography-font-style);--awb-caption-title-size:var(--h2_typography-font-size);--awb-caption-title-transform:var(--h2_typography-text-transform);--awb-caption-title-line-height:var(--h2_typography-line-height);--awb-caption-title-letter-spacing:var(--h2_typography-letter-spacing);\"><span class=\" fusion-imageframe imageframe-none imageframe-1 hover-type-none\"><img decoding=\"async\" width=\"1466\" height=\"789\" alt=\"Mora Sunshine Escape - Up to 30%\" title=\"mora-sunshine-escape-upto30-xpress\" src=\"https:\/\/www.themora.com\/wp-content\/uploads\/2026\/04\/mora-sunshine-escape-upto30-xpress.jpg\" class=\"img-responsive wp-image-17325\" srcset=\"https:\/\/www.themora.com\/wp-content\/uploads\/2026\/04\/mora-sunshine-escape-upto30-xpress-200x108.jpg 200w, https:\/\/www.themora.com\/wp-content\/uploads\/2026\/04\/mora-sunshine-escape-upto30-xpress-400x215.jpg 400w, https:\/\/www.themora.com\/wp-content\/uploads\/2026\/04\/mora-sunshine-escape-upto30-xpress-600x323.jpg 600w, https:\/\/www.themora.com\/wp-content\/uploads\/2026\/04\/mora-sunshine-escape-upto30-xpress-800x431.jpg 800w, https:\/\/www.themora.com\/wp-content\/uploads\/2026\/04\/mora-sunshine-escape-upto30-xpress-1200x646.jpg 1200w, https:\/\/www.themora.com\/wp-content\/uploads\/2026\/04\/mora-sunshine-escape-upto30-xpress.jpg 1466w\" sizes=\"(max-width: 640px) 100vw, 1200px\" \/><\/span><\/div><div style=\"text-align:center;\"><a class=\"fusion-button button-flat fusion-button-default-size button-custom fusion-button-default button-1 fusion-button-default-span fusion-button-default-type\" style=\"--awb-margin-bottom:20px;--button_accent_color:var(--awb-color1);--button_accent_hover_color:var(--awb-color8);--button_border_hover_color:#dfdfdf;--button_gradient_top_color:var(--awb-color7);--button_gradient_bottom_color:var(--awb-color7);--button_gradient_top_color_hover:#dfdfdf;--button_gradient_bottom_color_hover:#dfdfdf;\" target=\"_self\" href=\"https:\/\/reservations.themora.com\/?adult=1&amp;chain=28165&amp;child=0&amp;currency=EUR&amp;hotel=45447&amp;level=hotel&amp;locale=de-DE&amp;productcurrency=EUR&amp;promo=TMOSA&amp;rooms=1\" rel=\"noopener\"><span class=\"fusion-button-text awb-button__text awb-button__text--default\">BIS ZU 30% RABATT FREISCHALTEN<\/span><\/a><\/div><div class=\"fusion-text fusion-text-3\"><p style=\"text-align: center;\" data-start=\"3792\" data-end=\"3910\">Buchen Sie zwischen dem <strong data-start=\"3816\" data-end=\"3851\">1. April 2026 und 30. Juli 2026<\/strong>.<br data-start=\"3852\" data-end=\"3855\" \/>Aufenthalt vom <strong data-start=\"3870\" data-end=\"3909\">1. April 2026 bis 20. Dezember 2026<\/strong>.<\/p>\n<p data-start=\"3912\" data-end=\"4054\"><span style=\"font-size: 10pt;\">*F\u00fcr Aufenthalte im August gilt ein Mindestaufenthalt von 7 N\u00e4chten. Fr\u00fchzeitige Buchung erforderlich: Diese Aktion gilt nicht f\u00fcr Buchungen, die innerhalb von 7 Tagen vor Anreise f\u00fcr Aufenthalte im April und Mai erfolgen, sowie nicht f\u00fcr Buchungen innerhalb von 14 Tagen vor Anreise f\u00fcr Aufenthalte ab Juni (einschlie\u00dflich August).<\/span><\/p>\n<\/div><div class=\"fusion-text fusion-text-4\"><h3 style=\"text-align: center;\"><b>Stornierungsbedingungen:<\/b><\/h3>\n<p style=\"text-align: center;\"><strong>Diese Reservierung ist weder \u00e4nderbar noch erstattungsf\u00e4hig. Bei \u00c4nderung, Stornierung oder Nichtanreise erfolgt keine R\u00fcckerstattung.<\/strong><\/p>\n<\/div><div class=\"fusion-text fusion-text-5\"><h3 style=\"text-align: center;\"><b>Zahlungsbedingungen<\/b>:<\/h3>\n<p style=\"text-align: center;\">Die vollst\u00e4ndige Zahlung ist zum Zeitpunkt der Buchung erforderlich. Der Gesamtbetrag wird der angegebenen Karte belastet.<\/p>\n<p style=\"text-align: center;\"><strong>Der Preis unterliegt einer obligatorischen Infrastruktursteuer in H\u00f6he von 5 USD pro <\/strong>Person und Nacht, zahlbar direkt im Hotel.<\/p>\n<\/div><\/div><\/div><\/div><\/div>\n","protected":false},"excerpt":{"rendered":"","protected":false},"author":5,"featured_media":0,"parent":10583,"menu_order":0,"comment_status":"closed","ping_status":"closed","template":"100-width.php","meta":{"footnotes":""},"class_list":["post-17232","page","type-page","status-publish","hentry"],"_links":{"self":[{"href":"https:\/\/www.themora.com\/de\/wp-json\/wp\/v2\/pages\/17232","targetHints":{"allow":["GET"]}}],"collection":[{"href":"https:\/\/www.themora.com\/de\/wp-json\/wp\/v2\/pages"}],"about":[{"href":"https:\/\/www.themora.com\/de\/wp-json\/wp\/v2\/types\/page"}],"author":[{"embeddable":true,"href":"https:\/\/www.themora.com\/de\/wp-json\/wp\/v2\/users\/5"}],"replies":[{"embeddable":true,"href":"https:\/\/www.themora.com\/de\/wp-json\/wp\/v2\/comments?post=17232"}],"version-history":[{"count":10,"href":"https:\/\/www.themora.com\/de\/wp-json\/wp\/v2\/pages\/17232\/revisions"}],"predecessor-version":[{"id":17345,"href":"https:\/\/www.themora.com\/de\/wp-json\/wp\/v2\/pages\/17232\/revisions\/17345"}],"up":[{"embeddable":true,"href":"https:\/\/www.themora.com\/de\/wp-json\/wp\/v2\/pages\/10583"}],"wp:attachment":[{"href":"https:\/\/www.themora.com\/de\/wp-json\/wp\/v2\/media?parent=17232"}],"curies":[{"name":"wp","href":"https:\/\/api.w.org\/{rel}","templated":true}]}}