{"id":16691,"date":"2026-02-27T23:27:21","date_gmt":"2026-02-27T22:27:21","guid":{"rendered":"https:\/\/www.themora.com\/angebote\/flash-spring-deals\/"},"modified":"2026-02-28T00:03:27","modified_gmt":"2026-02-27T23:03:27","slug":"flash-spring-deals","status":"publish","type":"page","link":"https:\/\/www.themora.com\/de\/angebote\/flash-spring-deals\/","title":{"rendered":"Flash Spring Deals"},"content":{"rendered":"<div class=\"fusion-fullwidth fullwidth-box fusion-builder-row-1 fusion-flex-container has-pattern-background has-mask-background nonhundred-percent-fullwidth non-hundred-percent-height-scrolling\" style=\"--awb-border-radius-top-left:0px;--awb-border-radius-top-right:0px;--awb-border-radius-bottom-right:0px;--awb-border-radius-bottom-left:0px;--awb-padding-top:100px;--awb-padding-top-small:130px;--awb-background-color:var(--awb-color6);--awb-flex-wrap:wrap;\" ><div class=\"fusion-builder-row fusion-row fusion-flex-align-items-flex-start fusion-flex-content-wrap\" style=\"max-width:1248px;margin-left: calc(-4% \/ 2 );margin-right: calc(-4% \/ 2 );\"><div class=\"fusion-layout-column fusion_builder_column fusion-builder-column-0 fusion_builder_column_1_1 1_1 fusion-flex-column\" style=\"--awb-padding-bottom:30px;--awb-bg-size:cover;--awb-width-large:100%;--awb-margin-top-large:0px;--awb-spacing-right-large:1.92%;--awb-margin-bottom-large:20px;--awb-spacing-left-large:1.92%;--awb-width-medium:100%;--awb-order-medium:0;--awb-spacing-right-medium:1.92%;--awb-spacing-left-medium:1.92%;--awb-width-small:100%;--awb-order-small:0;--awb-spacing-right-small:1.92%;--awb-spacing-left-small:1.92%;\" data-scroll-devices=\"small-visibility,medium-visibility,large-visibility\"><div class=\"fusion-column-wrapper fusion-column-has-shadow fusion-flex-justify-content-flex-start fusion-content-layout-column\"><div class=\"fusion-text fusion-text-1\"><h1 style=\"text-align: center;\">Flash Spring Deals!<\/h1>\n<\/div><div class=\"fusion-text fusion-text-2\"><p style=\"text-align: center;\"><strong>Die Flash Spring Deals sind da!<\/strong><\/p>\n<p style=\"text-align: center;\">Buchen Sie Ihre Auszeit im <strong>The Mora Zanzibar<\/strong> und sichern Sie sich <strong>bis zu 20 % Rabatt <\/strong>auf Ihren Aufenthalt \u2013 nur f\u00fcr kurze Zeit.<\/p>\n<p style=\"text-align: center;\"><strong>Buchbar vom 1.\u201331. M\u00e4rz.<\/strong><br \/>\n<strong>Aufenthalt vom 21. M\u00e4rz bis 5. Juni (letzte Anreise).<\/strong><\/p>\n<p style=\"text-align: center;\">Entspannen Sie an atemberaubenden Str\u00e4nden, genie\u00dfen Sie erstklassige Kulinarik und erleben Sie barf\u00fc\u00dfigen Luxus auf h\u00f6chstem Niveau.<\/p>\n<\/div><div class=\"fusion-image-element \" style=\"text-align:center;--awb-margin-bottom:20px;--awb-caption-title-font-family:var(--h2_typography-font-family);--awb-caption-title-font-weight:var(--h2_typography-font-weight);--awb-caption-title-font-style:var(--h2_typography-font-style);--awb-caption-title-size:var(--h2_typography-font-size);--awb-caption-title-transform:var(--h2_typography-text-transform);--awb-caption-title-line-height:var(--h2_typography-line-height);--awb-caption-title-letter-spacing:var(--h2_typography-letter-spacing);\"><span class=\" fusion-imageframe imageframe-none imageframe-1 hover-type-none\"><img decoding=\"async\" width=\"1466\" height=\"789\" alt=\"\/de\/angebote\/flash-spring-deals\/\" title=\"flash-spring-deals-2026\" src=\"https:\/\/www.themora.com\/wp-content\/uploads\/2026\/02\/flash-spring-deals-2026.png\" class=\"img-responsive wp-image-16708\" srcset=\"https:\/\/www.themora.com\/wp-content\/uploads\/2026\/02\/flash-spring-deals-2026-200x108.png 200w, https:\/\/www.themora.com\/wp-content\/uploads\/2026\/02\/flash-spring-deals-2026-400x215.png 400w, https:\/\/www.themora.com\/wp-content\/uploads\/2026\/02\/flash-spring-deals-2026-600x323.png 600w, https:\/\/www.themora.com\/wp-content\/uploads\/2026\/02\/flash-spring-deals-2026-800x431.png 800w, https:\/\/www.themora.com\/wp-content\/uploads\/2026\/02\/flash-spring-deals-2026-1200x646.png 1200w, https:\/\/www.themora.com\/wp-content\/uploads\/2026\/02\/flash-spring-deals-2026.png 1466w\" sizes=\"(max-width: 640px) 100vw, 1200px\" \/><\/span><\/div><div style=\"text-align:center;\"><a class=\"fusion-button button-flat fusion-button-default-size button-custom fusion-button-default button-1 fusion-button-default-span fusion-button-default-type\" style=\"--awb-margin-bottom:20px;--button_accent_color:var(--awb-color1);--button_accent_hover_color:var(--awb-color8);--button_border_hover_color:#dfdfdf;--button_gradient_top_color:var(--awb-color7);--button_gradient_bottom_color:var(--awb-color7);--button_gradient_top_color_hover:#dfdfdf;--button_gradient_bottom_color_hover:#dfdfdf;\" target=\"_self\" href=\" https:\/\/reservations.themora.com\/?adult=1&amp;arrive=2026-02-28&amp;chain=28165&amp;child=0&amp;currency=EUR&amp;depart=2026-03-01&amp;hotel=45447&amp;level=hotel&amp;locale=de-DE&amp;productcurrency=EUR&amp;promo=TMOSA&amp;rooms=1\"><span class=\"fusion-button-text awb-button__text awb-button__text--default\">JETZT BIS ZU 20 % SICHERN<\/span><\/a><\/div><div class=\"fusion-text fusion-text-3\"><p style=\"text-align: center;\"><strong data-start=\"811\" data-end=\"832\">Buchungszeitraum:<\/strong> 1.\u201331. M\u00e4rz<br data-start=\"844\" data-end=\"847\" \/><strong data-start=\"847\" data-end=\"865\">Reisezeitraum:<\/strong> 21. M\u00e4rz \u2013 5. Juni (letzte Anreise)<\/p>\n<\/div><div class=\"fusion-text fusion-text-4\"><h3 style=\"text-align: center;\"><b>Stornierungsbedingungen:<\/b><\/h3>\n<p style=\"text-align: center;\"><strong>Diese Reservierung ist weder \u00e4nderbar noch erstattungsf\u00e4hig. Bei \u00c4nderung, Stornierung oder Nichtanreise erfolgt keine R\u00fcckerstattung.<\/strong><\/p>\n<\/div><div class=\"fusion-text fusion-text-5\"><h3 style=\"text-align: center;\"><b>Zahlungsbedingungen<\/b>:<\/h3>\n<p style=\"text-align: center;\">Die vollst\u00e4ndige Zahlung ist zum Zeitpunkt der Buchung erforderlich. Der Gesamtbetrag wird der angegebenen Karte belastet.<\/p>\n<p style=\"text-align: center;\"><strong>Der Preis unterliegt einer obligatorischen Infrastruktursteuer in H\u00f6he von 5 USD pro <\/strong>Person und Nacht, zahlbar direkt im Hotel.<\/p>\n<\/div><\/div><\/div><\/div><\/div>\n","protected":false},"excerpt":{"rendered":"","protected":false},"author":5,"featured_media":0,"parent":10583,"menu_order":0,"comment_status":"closed","ping_status":"closed","template":"100-width.php","meta":{"footnotes":""},"class_list":["post-16691","page","type-page","status-publish","hentry"],"_links":{"self":[{"href":"https:\/\/www.themora.com\/de\/wp-json\/wp\/v2\/pages\/16691","targetHints":{"allow":["GET"]}}],"collection":[{"href":"https:\/\/www.themora.com\/de\/wp-json\/wp\/v2\/pages"}],"about":[{"href":"https:\/\/www.themora.com\/de\/wp-json\/wp\/v2\/types\/page"}],"author":[{"embeddable":true,"href":"https:\/\/www.themora.com\/de\/wp-json\/wp\/v2\/users\/5"}],"replies":[{"embeddable":true,"href":"https:\/\/www.themora.com\/de\/wp-json\/wp\/v2\/comments?post=16691"}],"version-history":[{"count":7,"href":"https:\/\/www.themora.com\/de\/wp-json\/wp\/v2\/pages\/16691\/revisions"}],"predecessor-version":[{"id":16714,"href":"https:\/\/www.themora.com\/de\/wp-json\/wp\/v2\/pages\/16691\/revisions\/16714"}],"up":[{"embeddable":true,"href":"https:\/\/www.themora.com\/de\/wp-json\/wp\/v2\/pages\/10583"}],"wp:attachment":[{"href":"https:\/\/www.themora.com\/de\/wp-json\/wp\/v2\/media?parent=16691"}],"curies":[{"name":"wp","href":"https:\/\/api.w.org\/{rel}","templated":true}]}}