{"id":13221,"date":"2025-08-12T09:20:27","date_gmt":"2025-08-12T07:20:27","guid":{"rendered":"https:\/\/www.themora.com\/?page_id=13221"},"modified":"2025-08-13T12:14:53","modified_gmt":"2025-08-13T10:14:53","slug":"mora-savings","status":"publish","type":"page","link":"https:\/\/www.themora.com\/de\/angebote\/mora-savings\/","title":{"rendered":"Mora\u00ae Savings"},"content":{"rendered":"<div class=\"fusion-fullwidth fullwidth-box fusion-builder-row-1 fusion-flex-container has-pattern-background has-mask-background nonhundred-percent-fullwidth non-hundred-percent-height-scrolling\" style=\"--awb-border-radius-top-left:0px;--awb-border-radius-top-right:0px;--awb-border-radius-bottom-right:0px;--awb-border-radius-bottom-left:0px;--awb-padding-top:100px;--awb-padding-top-small:130px;--awb-background-color:var(--awb-color6);--awb-flex-wrap:wrap;\" ><div class=\"fusion-builder-row fusion-row fusion-flex-align-items-flex-start fusion-flex-content-wrap\" style=\"max-width:1248px;margin-left: calc(-4% \/ 2 );margin-right: calc(-4% \/ 2 );\"><div class=\"fusion-layout-column fusion_builder_column fusion-builder-column-0 fusion_builder_column_1_1 1_1 fusion-flex-column\" style=\"--awb-padding-bottom:30px;--awb-bg-size:cover;--awb-width-large:100%;--awb-margin-top-large:0px;--awb-spacing-right-large:1.92%;--awb-margin-bottom-large:20px;--awb-spacing-left-large:1.92%;--awb-width-medium:100%;--awb-order-medium:0;--awb-spacing-right-medium:1.92%;--awb-spacing-left-medium:1.92%;--awb-width-small:100%;--awb-order-small:0;--awb-spacing-right-small:1.92%;--awb-spacing-left-small:1.92%;\" data-scroll-devices=\"small-visibility,medium-visibility,large-visibility\"><div class=\"fusion-column-wrapper fusion-column-has-shadow fusion-flex-justify-content-flex-start fusion-content-layout-column\"><div class=\"fusion-text fusion-text-1\"><h1 style=\"text-align: center;\">Mora\u00ae Savings<\/h1>\n<\/div><div class=\"fusion-text fusion-text-2\"><p style=\"text-align: center;\" data-start=\"668\" data-end=\"878\">Jetzt ist der perfekte Moment, Ihren n\u00e4chsten Urlaub zu planen. Mit <strong data-start=\"728\" data-end=\"745\">Mora\u00ae Savings<\/strong> erhalten Sie <strong data-start=\"774\" data-end=\"790\">25<\/strong>% Rabatt auf Ihren Aufenthalt im The Mora Zanzibar \u2014 g\u00fcltig f\u00fcr mehr als ein Jahr an Reisedaten.<\/p>\n<p style=\"text-align: center;\" data-start=\"880\" data-end=\"1108\">Ob romantischer Kurztrip, Familienurlaub oder Solo-Abenteuer \u2013 dieses Angebot gibt Ihnen die Flexibilit\u00e4t, den perfekten Zeitpunkt zu w\u00e4hlen, um unseren entspannten Luxus, erstklassige K\u00fcche und unvergessliche Inselerlebnisse zu genie\u00dfen.<\/p>\n<\/div><div class=\"fusion-builder-row fusion-builder-row-inner fusion-row fusion-flex-align-items-flex-start fusion-flex-content-wrap\" style=\"--awb-flex-grow:0;--awb-flex-grow-medium:0;--awb-flex-grow-small:0;--awb-flex-shrink:0;--awb-flex-shrink-medium:0;--awb-flex-shrink-small:0;width:104% !important;max-width:104% !important;margin-left: calc(-4% \/ 2 );margin-right: calc(-4% \/ 2 );\"><div class=\"fusion-layout-column fusion_builder_column_inner fusion-builder-nested-column-0 fusion_builder_column_inner_1_1 1_1 fusion-flex-column fusion-flex-align-self-center\" style=\"--awb-bg-size:cover;--awb-width-large:100%;--awb-margin-top-large:0px;--awb-spacing-right-large:1.92%;--awb-margin-bottom-large:20px;--awb-spacing-left-large:1.92%;--awb-width-medium:100%;--awb-order-medium:0;--awb-spacing-right-medium:1.92%;--awb-spacing-left-medium:1.92%;--awb-width-small:100%;--awb-order-small:0;--awb-spacing-right-small:1.92%;--awb-spacing-left-small:1.92%;\" data-scroll-devices=\"small-visibility,medium-visibility,large-visibility\"><div class=\"fusion-column-wrapper fusion-column-has-shadow fusion-flex-justify-content-flex-start fusion-content-layout-column\"><div class=\"fusion-image-element \" style=\"text-align:center;--awb-margin-top:30px;--awb-caption-title-font-family:var(--h2_typography-font-family);--awb-caption-title-font-weight:var(--h2_typography-font-weight);--awb-caption-title-font-style:var(--h2_typography-font-style);--awb-caption-title-size:var(--h2_typography-font-size);--awb-caption-title-transform:var(--h2_typography-text-transform);--awb-caption-title-line-height:var(--h2_typography-line-height);--awb-caption-title-letter-spacing:var(--h2_typography-letter-spacing);\"><span class=\" fusion-imageframe imageframe-none imageframe-1 hover-type-none\"><img decoding=\"async\" width=\"1466\" height=\"789\" alt=\"mora savings promo pic 2\" title=\"mora savings promo pic 2\" src=\"https:\/\/www.themora.com\/wp-content\/uploads\/2025\/08\/mora-savings-promo-pic-2-2.jpg\" class=\"img-responsive wp-image-13263\" srcset=\"https:\/\/www.themora.com\/wp-content\/uploads\/2025\/08\/mora-savings-promo-pic-2-2-200x108.jpg 200w, https:\/\/www.themora.com\/wp-content\/uploads\/2025\/08\/mora-savings-promo-pic-2-2-400x215.jpg 400w, https:\/\/www.themora.com\/wp-content\/uploads\/2025\/08\/mora-savings-promo-pic-2-2-600x323.jpg 600w, https:\/\/www.themora.com\/wp-content\/uploads\/2025\/08\/mora-savings-promo-pic-2-2-800x431.jpg 800w, https:\/\/www.themora.com\/wp-content\/uploads\/2025\/08\/mora-savings-promo-pic-2-2-1200x646.jpg 1200w, https:\/\/www.themora.com\/wp-content\/uploads\/2025\/08\/mora-savings-promo-pic-2-2.jpg 1466w\" sizes=\"(max-width: 640px) 100vw, 1200px\" \/><\/span><\/div><\/div><\/div><\/div><div style=\"text-align:center;\"><a class=\"fusion-button button-flat fusion-button-default-size button-custom fusion-button-default button-1 fusion-button-default-span fusion-button-default-type\" style=\"--awb-margin-bottom:20px;--button_accent_color:var(--awb-color1);--button_accent_hover_color:var(--awb-color8);--button_border_hover_color:#dfdfdf;--button_gradient_top_color:var(--awb-color7);--button_gradient_bottom_color:var(--awb-color7);--button_gradient_top_color_hover:#dfdfdf;--button_gradient_bottom_color_hover:#dfdfdf;\" target=\"_self\" href=\"https:\/\/reservations.themora.com\/?adult=1&amp;arrive=2025-09-01&amp;chain=28165&amp;child=0&amp;currency=EUR&amp;depart=2025-09-02&amp;hotel=45447&amp;level=hotel&amp;locale=de-DE&amp;productcurrency=EUR&amp;promo=TMOSA&amp;rooms=1\" rel=\"noopener\"><span class=\"fusion-button-text awb-button__text awb-button__text--default\">JETZT BUCHEN &amp; 25% SPAREN<\/span><\/a><\/div><div class=\"fusion-text fusion-text-3\"><p style=\"text-align: center;\"><sup>Buchbar<\/sup>: <sup>14. August \u2013 30. September 2025<\/sup><u><\/u><u><\/u><\/p>\n<p style=\"text-align: center;\">Reisezeitraum: 1. September 2025 \u2013 30. September 2026<u><\/u><u><\/u><\/p>\n<p style=\"text-align: center;\">Sperrdaten: 24. Dezember 2025 \u2013 5. Januar 2026<\/p>\n<\/div><div class=\"fusion-text fusion-text-4\"><h3 style=\"text-align: center;\"><b>Stornierungsbedingungen:<\/b><\/h3>\n<p style=\"text-align: center;\">Diese Reservierung ist nicht \u00e4nderbar und nicht erstattungsf\u00e4hig. Wenn Sie versuchen, die Buchung zu \u00e4ndern, zu stornieren oder einfach nicht erscheinen, erfolgt keine R\u00fcckerstattung.<\/p>\n<\/div><div class=\"fusion-text fusion-text-5\"><h3 style=\"text-align: center;\"><b>Zahlungsbedingungen<\/b>:<\/h3>\n<p style=\"text-align: center;\">Diese Reservierung erfordert die vollst\u00e4ndige Vorauszahlung f\u00fcr den gesamten Aufenthalt und wird der angegebenen Karte belastet.<\/p>\n<p style=\"text-align: center;\">Der Preis unterliegt einer obligatorischen Infrastruktursteuer von 5 USD pro Person und Nacht, zahlbar direkt im Hotel.<\/p>\n<\/div><\/div><\/div><\/div><\/div>\n","protected":false},"excerpt":{"rendered":"","protected":false},"author":5,"featured_media":0,"parent":10583,"menu_order":0,"comment_status":"closed","ping_status":"closed","template":"100-width.php","meta":{"footnotes":""},"class_list":["post-13221","page","type-page","status-publish","hentry"],"_links":{"self":[{"href":"https:\/\/www.themora.com\/de\/wp-json\/wp\/v2\/pages\/13221","targetHints":{"allow":["GET"]}}],"collection":[{"href":"https:\/\/www.themora.com\/de\/wp-json\/wp\/v2\/pages"}],"about":[{"href":"https:\/\/www.themora.com\/de\/wp-json\/wp\/v2\/types\/page"}],"author":[{"embeddable":true,"href":"https:\/\/www.themora.com\/de\/wp-json\/wp\/v2\/users\/5"}],"replies":[{"embeddable":true,"href":"https:\/\/www.themora.com\/de\/wp-json\/wp\/v2\/comments?post=13221"}],"version-history":[{"count":5,"href":"https:\/\/www.themora.com\/de\/wp-json\/wp\/v2\/pages\/13221\/revisions"}],"predecessor-version":[{"id":13285,"href":"https:\/\/www.themora.com\/de\/wp-json\/wp\/v2\/pages\/13221\/revisions\/13285"}],"up":[{"embeddable":true,"href":"https:\/\/www.themora.com\/de\/wp-json\/wp\/v2\/pages\/10583"}],"wp:attachment":[{"href":"https:\/\/www.themora.com\/de\/wp-json\/wp\/v2\/media?parent=13221"}],"curies":[{"name":"wp","href":"https:\/\/api.w.org\/{rel}","templated":true}]}}